{"id":2972,"date":"2020-05-08T08:21:50","date_gmt":"2020-05-08T08:21:50","guid":{"rendered":"https:\/\/cariera.co\/new\/?page_id=2972"},"modified":"2023-05-16T21:38:18","modified_gmt":"2023-05-16T21:38:18","slug":"politica-de-privacidad","status":"publish","type":"page","link":"https:\/\/trabajoinfinito.com\/es\/politica-de-privacidad\/","title":{"rendered":"Pol\u00edtica de Privacidad"},"content":{"rendered":"<div data-elementor-type=\"wp-page\" data-elementor-id=\"2972\" class=\"elementor elementor-2972\">\n\t\t\t\t\t\t<section class=\"elementor-section elementor-top-section elementor-element elementor-element-bd1159d elementor-section-boxed elementor-section-height-default elementor-section-height-default\" data-id=\"bd1159d\" data-element_type=\"section\" data-settings=\"{&quot;background_background&quot;:&quot;classic&quot;}\">\n\t\t\t\t\t\t<div class=\"elementor-container elementor-column-gap-default\">\n\t\t\t\t\t<div class=\"elementor-column elementor-col-100 elementor-top-column elementor-element elementor-element-ea8b001\" data-id=\"ea8b001\" data-element_type=\"column\">\n\t\t\t<div class=\"elementor-widget-wrap elementor-element-populated\">\n\t\t\t\t\t\t<div class=\"elementor-element elementor-element-19914e9 elementor-widget elementor-widget-heading\" data-id=\"19914e9\" data-element_type=\"widget\" data-widget_type=\"heading.default\">\n\t\t\t\t<div class=\"elementor-widget-container\">\n\t\t\t\t\t<h2 class=\"elementor-heading-title elementor-size-default\">Pol\u00edtica de privacidad<\/h2>\t\t\t\t<\/div>\n\t\t\t\t<\/div>\n\t\t\t\t\t<\/div>\n\t\t<\/div>\n\t\t\t\t\t<\/div>\n\t\t<\/section>\n\t\t\t\t<section class=\"elementor-section elementor-top-section elementor-element elementor-element-1b9c8cf elementor-section-boxed elementor-section-height-default elementor-section-height-default\" data-id=\"1b9c8cf\" data-element_type=\"section\">\n\t\t\t\t\t\t<div class=\"elementor-container elementor-column-gap-default\">\n\t\t\t\t\t<div class=\"elementor-column elementor-col-100 elementor-top-column elementor-element elementor-element-2d111a9\" data-id=\"2d111a9\" data-element_type=\"column\">\n\t\t\t<div class=\"elementor-widget-wrap elementor-element-populated\">\n\t\t\t\t\t\t<div class=\"elementor-element elementor-element-07f70c7 elementor-widget elementor-widget-heading\" data-id=\"07f70c7\" data-element_type=\"widget\" data-widget_type=\"heading.default\">\n\t\t\t\t<div class=\"elementor-widget-container\">\n\t\t\t\t\t<h4 class=\"elementor-heading-title elementor-size-default\">POLITICAS DE PRIVACIDAD<\/h4>\t\t\t\t<\/div>\n\t\t\t\t<\/div>\n\t\t\t\t<div class=\"elementor-element elementor-element-d087c4e elementor-widget elementor-widget-text-editor\" data-id=\"d087c4e\" data-element_type=\"widget\" data-widget_type=\"text-editor.default\">\n\t\t\t\t<div class=\"elementor-widget-container\">\n\t\t\t\t\t\t\t\t\t<p>Los usuarios registrados en este sitio web consienten la cesi\u00f3n de sus datos a las empresas que utilizan esta aplicaci\u00f3n para el reclutamiento de personal. En virtud de este acuerdo comercial, del consentimiento otorgado por los usuarios de Trabajoinfinito.com y de la legislaci\u00f3n vigente en materia de protecci\u00f3n de datos, Trabajoinfinito.com puede ceder los datos de car\u00e1cter personal de las personas que est\u00e9n interesadas en las ofertas del sitio web. Esta cesi\u00f3n est\u00e1 expresamente autorizada por los candidatos \u00fanica y exclusivamente para inscribirse y participar en el proceso de selecci\u00f3n de la oferta de la empresa.<\/p><p>Por la suscripci\u00f3n a nuestros servicios, las empresas suscriptas garantizan la adopci\u00f3n de todas las medidas t\u00e9cnicas y\/o s organizativas que resulten necesarias para la seguridad de los datos personales que le sean cedidos desde Trabajoinfinito.com.-<\/p><p>Igualmente, garantizan que \u00fanicamente utilizar\u00e1n los datos personales para gestionar el proceso de selecci\u00f3n que est\u00e9n realizando y no los utilizar\u00e1 para cualquier otro fin, cualquiera que \u00e9ste sea.<\/p><p>Asimismo, se comprometen expresamente a no utilizar ni durante el proceso de selecci\u00f3n, ni una vez terminado el mismo, cuantos datos obtenga de los candidatos, ni los comunicar\u00e1, ni siquiera para su conservaci\u00f3n, a otras personas, debiendo en todo<br \/>momento implementar las medidas de seguridad necesarias para garantizar la confidencialidad, seguridad e integridad de los datos.<\/p><p>De igual manera, una vez terminado el proceso de selecci\u00f3n, la empresa se obliga a destruir todos los datos personales obtenidos de este sitio web, excepto que exista alguna obligaci\u00f3n legal que le habilite a conservarlos, as\u00ed como cualquier soporte o<br \/>documentos en que conste alg\u00fan dato de car\u00e1cter personal de los candidatos.<\/p><p>La empresa usuaria de Trabajoinfinito, como cesionaria de los datos de car\u00e1cter personal de los candidatos que se han interesado por su oferta, es plenamente responsable del cumplimiento de toda la normativa de protecci\u00f3n de datos personales vigente en cada momento y desde el momento en el que se produzca la cesi\u00f3n es titular de los datos cedidos por este sitio web.-<\/p><p>La empresa usuaria del sitio se obliga a mantener indemne a Trabajoinfinito.com por cualquier reclamaci\u00f3n que pueda ser interpuesta contra ellos por el incumplimiento de aquella de la legislaci\u00f3n sobre Protecci\u00f3n de Datos Personales vigente en cada<br \/>momento y acepta pagar la cantidad a la que en concepto de sanci\u00f3n, multa, indemnizaci\u00f3n, da\u00f1os, perjuicios e intereses puedan ser condenado Trabajoinfinito.com con motivo del citado incumplimiento.<\/p>\t\t\t\t\t\t\t\t<\/div>\n\t\t\t\t<\/div>\n\t\t\t\t<div class=\"elementor-element elementor-element-74b4392 elementor-widget elementor-widget-heading\" data-id=\"74b4392\" data-element_type=\"widget\" data-widget_type=\"heading.default\">\n\t\t\t\t<div class=\"elementor-widget-container\">\n\t\t\t\t\t<h4 class=\"elementor-heading-title elementor-size-default\">DATOS PERSONALES DEL USUARIO. REGISTRO EN EL SITIO WEB. CARGA DE\nCURR\u00cdCULUM VITAE (CV)<\/h4>\t\t\t\t<\/div>\n\t\t\t\t<\/div>\n\t\t\t\t<div class=\"elementor-element elementor-element-4d2eb56 elementor-widget elementor-widget-text-editor\" data-id=\"4d2eb56\" data-element_type=\"widget\" data-widget_type=\"text-editor.default\">\n\t\t\t\t<div class=\"elementor-widget-container\">\n\t\t\t\t\t\t\t\t\t<p><span style=\"text-decoration: underline;\">Registraci\u00f3n en el Sitio Web<\/span><\/p><p>Cuando se registre en el Sitio Web, se le pedir\u00e1 que aporte al mismo cierta informaci\u00f3n que incluir\u00e1, entre otras, una direcci\u00f3n v\u00e1lida de correo electr\u00f3nico.- Adem\u00e1s de los t\u00e9rminos y condiciones que se puedan establecer m\u00e1s adelante por cualquier pol\u00edtica de privacidad de este Sitio Web, Usted reconoce y acepta que Trabajoinfinito.com puede revelar a terceras partes, de forma an\u00f3nima, cierto conjunto de datos que est\u00e9n contenidos en su solicitud de registro.<\/p><p>Trabajoinfinito.com no revelar\u00e1 a terceras partes su nombre, direcci\u00f3n de correo electr\u00f3nico o el n\u00famero de tel\u00e9fono sin su consentimiento previo, excepto en la medida en que sea necesario para el cumplimiento de las leyes o procedimientos legales<br \/>vigentes, donde tal informaci\u00f3n sea relevante.<\/p><p>Trabajoinfinito se reserva el derecho de ofrecerle servicios y productos de terceros basados en las preferencias que Usted indic\u00f3 al momento de registrarse o en cualquier momento posterior; tales ofertas pueden efectuarse por Trabajoinfinito o por terceros.<\/p><p>Usted es el responsable de mantener la confidencialidad de sus datos y de su contrase\u00f1a y deber\u00e1 notificar inmediatamente a Trabajoinfinito sobre cualquier uso sin autorizaci\u00f3n de su registro o contrase\u00f1a.<\/p><p><span style=\"text-decoration: underline;\">Responsabilidad del sitio web<\/span><\/p><p>Trabajoinfinito no afirma ni garantiza la licitud, exactitud o fiabilidad de las comunicaciones que anuncian los Usuarios ni respalda cualquier opini\u00f3n expresada por los Usuarios. El Usuario acepta impl\u00edcitamente que, al confiar en los contenidos o los datos anunciados por otros Usuarios, lo hace bajo su propia responsabilidad.<\/p><p>Trabajoinfinito act\u00faa como un mero conductor pasivo para la distribuci\u00f3n y publicaci\u00f3n on- line de la informaci\u00f3n remitida por el Usuario y no est\u00e1 obligada a censurar las comunicaciones o datos con car\u00e1cter previo, y no tiene la obligaci\u00f3n ni se responsabiliza de revisar o censurar el material una vez que haya sido anunciado \u00e9ste por los Usuarios.<\/p><p>En caso que un Usuario le notifique la existencia de comunicaciones que presuntamente no cumplan estas Condiciones Generales, Trabajoinfinito se reserva el derecho de investigar y determinar de buena fe y, a su exclusiva discreci\u00f3n, el derecho<br \/>de retirar o solicitar que sean retiradas dichas comunicaciones.<\/p>\t\t\t\t\t\t\t\t<\/div>\n\t\t\t\t<\/div>\n\t\t\t\t<div class=\"elementor-element elementor-element-36f5245 elementor-widget elementor-widget-heading\" data-id=\"36f5245\" data-element_type=\"widget\" data-widget_type=\"heading.default\">\n\t\t\t\t<div class=\"elementor-widget-container\">\n\t\t\t\t\t<h4 class=\"elementor-heading-title elementor-size-default\">UTILIZACI\u00d3N DEL SITIO WEB, DE LOS SERVICIOS Y DE LOS CONTENIDOS\nBAJO LA EXCLUSIVA RESPONSABILIDAD DEL USUARIO<\/h4>\t\t\t\t<\/div>\n\t\t\t\t<\/div>\n\t\t\t\t<div class=\"elementor-element elementor-element-7222974 elementor-widget elementor-widget-text-editor\" data-id=\"7222974\" data-element_type=\"widget\" data-widget_type=\"text-editor.default\">\n\t\t\t\t<div class=\"elementor-widget-container\">\n\t\t\t\t\t\t\t\t\t<p>El Usuario acepta voluntariamente que el uso del Sitio Web, de sus servicios y de los Contenidos tiene lugar, en todo caso, bajo su \u00fanica y exclusiva responsabilidad.<\/p>\t\t\t\t\t\t\t\t<\/div>\n\t\t\t\t<\/div>\n\t\t\t\t<div class=\"elementor-element elementor-element-4a5bd00 elementor-widget elementor-widget-heading\" data-id=\"4a5bd00\" data-element_type=\"widget\" data-widget_type=\"heading.default\">\n\t\t\t\t<div class=\"elementor-widget-container\">\n\t\t\t\t\t<h4 class=\"elementor-heading-title elementor-size-default\">EXCLUSI\u00d3N DE GARANT\u00cdAS Y DE RESPONSABILIDAD<\/h4>\t\t\t\t<\/div>\n\t\t\t\t<\/div>\n\t\t\t\t<div class=\"elementor-element elementor-element-a2efec8 elementor-widget elementor-widget-text-editor\" data-id=\"a2efec8\" data-element_type=\"widget\" data-widget_type=\"text-editor.default\">\n\t\t\t\t<div class=\"elementor-widget-container\">\n\t\t\t\t\t\t\t\t\t<p>El Sitio Web es exclusivamente un lugar de encuentro. El Sitio Web act\u00faa como un punto de reuni\u00f3n entre:<\/p><p>&#8211; Empresas y\/o profesionales que anuncian ofertas de productos y\/o servicios y ofertas de trabajo y candidatos que anuncian curr\u00edculum vitae y no investiga ni censura las ofertas.<\/p><p>-Trabajoinfinito.com no interviene en la transacci\u00f3n entre las empresas y los candidatos. Por ello, el sitio web carece de control sobre la calidad, seguridad o legalidad de los puestos de trabajo ofrecidos o de los curr\u00edculum vitae que se anuncian, sobre la veracidad de las ofertas, as\u00ed como sobre la capacidad de las empresas para ofrecer oportunidades de empleo a los candidatos o sobre la aptitud y capacidad de los candidatos para cubrir las vacantes.<\/p><p>&#8211; Empresas que anuncian ofertas, promociones, descuentos, productos o cualquier otro tipo de informaci\u00f3n referente al negocio que desarrollan, y usuarios que se informan de dichas publicaciones.<\/p><p>No se controla la informaci\u00f3n suministrada por otros Usuarios que se pone a su disposici\u00f3n en este Sitio Web. La, informaci\u00f3n de otras personas puede ser inexacta, y en algunos casos puede estar mal identificada o identificada fraudulentamente. Queda bajo la exclusiva responsabilidad de cada usuario el uso que haga de la informaci\u00f3n obrante en el sitio, se recomienda precauci\u00f3n cuando use este Sitio Web.\u00a0<\/p><p>-Trabajoinfinito.com respeta la legislaci\u00f3n laboral nacional y\/o disposiciones provinciales y\/o locales y\/o vigentes en el territorio donde se utilicen los servicios brindados por este sitio, sobre duraci\u00f3n y condiciones laborales, no siendo responsable de las condiciones laborales que ofrezcan las empresas que utilizan este servicio, ya que no interviene en las posible contrataciones entre partes.-<\/p>\t\t\t\t\t\t\t\t<\/div>\n\t\t\t\t<\/div>\n\t\t\t\t<div class=\"elementor-element elementor-element-2eca6b5 elementor-widget elementor-widget-heading\" data-id=\"2eca6b5\" data-element_type=\"widget\" data-widget_type=\"heading.default\">\n\t\t\t\t<div class=\"elementor-widget-container\">\n\t\t\t\t\t<h4 class=\"elementor-heading-title elementor-size-default\">DURACI\u00d3N Y TERMINACI\u00d3N<\/h4>\t\t\t\t<\/div>\n\t\t\t\t<\/div>\n\t\t\t\t<div class=\"elementor-element elementor-element-2c49085 elementor-widget elementor-widget-text-editor\" data-id=\"2c49085\" data-element_type=\"widget\" data-widget_type=\"text-editor.default\">\n\t\t\t\t<div class=\"elementor-widget-container\">\n\t\t\t\t\t\t\t\t\t<p>La prestaci\u00f3n del servicio de Sitio Web y de los dem\u00e1s Contenidos y Servicios tiene, en principio, una duraci\u00f3n indefinida. No obstante ello, Trabajoinfinito.com est\u00e1 autorizado para terminar o suspender la prestaci\u00f3n del servicio del Sitio Web y\/o de cualquiera de los Contenidos y Servicios cuando as\u00ed lo disponga, sin perjuicio de lo que se hubiere dispuesto al respecto en las correspondientes Condiciones Particulares. Cuando ello sea razonablemente posible, Trabajoinfinito.com comunicar\u00e1 previamente la terminaci\u00f3n o suspensi\u00f3n de la prestaci\u00f3n del servicio del Sitio Web y de los dem\u00e1s Servicios.<\/p>\t\t\t\t\t\t\t\t<\/div>\n\t\t\t\t<\/div>\n\t\t\t\t\t<\/div>\n\t\t<\/div>\n\t\t\t\t\t<\/div>\n\t\t<\/section>\n\t\t\t\t<\/div>","protected":false},"excerpt":{"rendered":"<p>Pol\u00edtica de privacidad POLITICAS DE PRIVACIDAD Los usuarios registrados en este sitio web consienten la cesi\u00f3n de sus datos a las empresas que utilizan esta aplicaci\u00f3n para el reclutamiento de personal. En virtud de este acuerdo comercial, del consentimiento otorgado por los usuarios de Trabajoinfinito.com y de la legislaci\u00f3n vigente en materia de protecci\u00f3n de [&hellip;]<\/p>","protected":false},"author":3,"featured_media":0,"parent":0,"menu_order":0,"comment_status":"closed","ping_status":"closed","template":"","meta":{"footnotes":""},"class_list":["post-2972","page","type-page","status-publish","hentry"],"yoast_head":"<!-- This site is optimized with the Yoast SEO plugin v23.3 - https:\/\/yoast.com\/wordpress\/plugins\/seo\/ -->\n<title>Pol\u00edtica de Privacidad - Trabajo Infinito<\/title>\n<meta name=\"description\" content=\"Pol\u00edtica de Privacidad - Trabajo Infinito - Busc\u00e1 trabajo en esta bolsa de empleo digital y encontr\u00e1 las mejores oportunidades en tu \u00e1rea!\" \/>\n<meta name=\"robots\" content=\"index, follow, max-snippet:-1, max-image-preview:large, max-video-preview:-1\" \/>\n<link rel=\"canonical\" href=\"https:\/\/trabajoinfinito.com\/es\/politica-de-privacidad\/\" \/>\n<meta property=\"og:locale\" content=\"es_ES\" \/>\n<meta property=\"og:type\" content=\"article\" \/>\n<meta property=\"og:title\" content=\"Pol\u00edtica de Privacidad - Trabajo Infinito\" \/>\n<meta property=\"og:description\" content=\"Pol\u00edtica de Privacidad - Trabajo Infinito - Busc\u00e1 trabajo en esta bolsa de empleo digital y encontr\u00e1 las mejores oportunidades en tu \u00e1rea!\" \/>\n<meta property=\"og:url\" content=\"https:\/\/trabajoinfinito.com\/es\/politica-de-privacidad\/\" \/>\n<meta property=\"og:site_name\" content=\"Trabajo Infinito\" \/>\n<meta property=\"article:modified_time\" content=\"2023-05-16T21:38:18+00:00\" \/>\n<meta name=\"twitter:card\" content=\"summary_large_image\" \/>\n<meta name=\"twitter:label1\" content=\"Tiempo de lectura\" \/>\n\t<meta name=\"twitter:data1\" content=\"6 minutos\" \/>\n<script type=\"application\/ld+json\" class=\"yoast-schema-graph\">{\"@context\":\"https:\/\/schema.org\",\"@graph\":[{\"@type\":\"WebPage\",\"@id\":\"https:\/\/trabajoinfinito.com\/politica-de-privacidad\/\",\"url\":\"https:\/\/trabajoinfinito.com\/politica-de-privacidad\/\",\"name\":\"Pol\u00edtica de Privacidad - Trabajo Infinito\",\"isPartOf\":{\"@id\":\"http:\/\/trabajoinfinito.com\/#website\"},\"datePublished\":\"2020-05-08T08:21:50+00:00\",\"dateModified\":\"2023-05-16T21:38:18+00:00\",\"description\":\"Pol\u00edtica de Privacidad - Trabajo Infinito - Busc\u00e1 trabajo en esta bolsa de empleo digital y encontr\u00e1 las mejores oportunidades en tu \u00e1rea!\",\"breadcrumb\":{\"@id\":\"https:\/\/trabajoinfinito.com\/politica-de-privacidad\/#breadcrumb\"},\"inLanguage\":\"es-AR\",\"potentialAction\":[{\"@type\":\"ReadAction\",\"target\":[\"https:\/\/trabajoinfinito.com\/politica-de-privacidad\/\"]}]},{\"@type\":\"BreadcrumbList\",\"@id\":\"https:\/\/trabajoinfinito.com\/politica-de-privacidad\/#breadcrumb\",\"itemListElement\":[{\"@type\":\"ListItem\",\"position\":1,\"name\":\"Inicio\",\"item\":\"https:\/\/trabajoinfinito.com\/\"},{\"@type\":\"ListItem\",\"position\":2,\"name\":\"Pol\u00edtica de Privacidad\"}]},{\"@type\":\"WebSite\",\"@id\":\"http:\/\/trabajoinfinito.com\/#website\",\"url\":\"http:\/\/trabajoinfinito.com\/\",\"name\":\"Trabajo Infinito\",\"description\":\"\",\"publisher\":{\"@id\":\"http:\/\/trabajoinfinito.com\/#organization\"},\"potentialAction\":[{\"@type\":\"SearchAction\",\"target\":{\"@type\":\"EntryPoint\",\"urlTemplate\":\"http:\/\/trabajoinfinito.com\/?s={search_term_string}\"},\"query-input\":\"required name=search_term_string\"}],\"inLanguage\":\"es-AR\"},{\"@type\":\"Organization\",\"@id\":\"http:\/\/trabajoinfinito.com\/#organization\",\"name\":\"Trabajo Infinito\",\"url\":\"http:\/\/trabajoinfinito.com\/\",\"logo\":{\"@type\":\"ImageObject\",\"inLanguage\":\"es-AR\",\"@id\":\"http:\/\/trabajoinfinito.com\/#\/schema\/logo\/image\/\",\"url\":\"https:\/\/trabajoinfinito.com\/wp-content\/uploads\/2023\/04\/Logo-3D-para-fondo-claro-e1681124952287.png\",\"contentUrl\":\"https:\/\/trabajoinfinito.com\/wp-content\/uploads\/2023\/04\/Logo-3D-para-fondo-claro-e1681124952287.png\",\"width\":1559,\"height\":846,\"caption\":\"Trabajo Infinito\"},\"image\":{\"@id\":\"http:\/\/trabajoinfinito.com\/#\/schema\/logo\/image\/\"}}]}<\/script>\n<!-- \/ Yoast SEO plugin. -->","yoast_head_json":{"title":"Pol\u00edtica de Privacidad - Trabajo Infinito","description":"Pol\u00edtica de Privacidad - Trabajo Infinito - Busc\u00e1 trabajo en esta bolsa de empleo digital y encontr\u00e1 las mejores oportunidades en tu \u00e1rea!","robots":{"index":"index","follow":"follow","max-snippet":"max-snippet:-1","max-image-preview":"max-image-preview:large","max-video-preview":"max-video-preview:-1"},"canonical":"https:\/\/trabajoinfinito.com\/es\/politica-de-privacidad\/","og_locale":"es_ES","og_type":"article","og_title":"Pol\u00edtica de Privacidad - Trabajo Infinito","og_description":"Pol\u00edtica de Privacidad - Trabajo Infinito - Busc\u00e1 trabajo en esta bolsa de empleo digital y encontr\u00e1 las mejores oportunidades en tu \u00e1rea!","og_url":"https:\/\/trabajoinfinito.com\/es\/politica-de-privacidad\/","og_site_name":"Trabajo Infinito","article_modified_time":"2023-05-16T21:38:18+00:00","twitter_card":"summary_large_image","twitter_misc":{"Tiempo de lectura":"6 minutos"},"schema":{"@context":"https:\/\/schema.org","@graph":[{"@type":"WebPage","@id":"https:\/\/trabajoinfinito.com\/politica-de-privacidad\/","url":"https:\/\/trabajoinfinito.com\/politica-de-privacidad\/","name":"Pol\u00edtica de Privacidad - Trabajo Infinito","isPartOf":{"@id":"http:\/\/trabajoinfinito.com\/#website"},"datePublished":"2020-05-08T08:21:50+00:00","dateModified":"2023-05-16T21:38:18+00:00","description":"Pol\u00edtica de Privacidad - Trabajo Infinito - Busc\u00e1 trabajo en esta bolsa de empleo digital y encontr\u00e1 las mejores oportunidades en tu \u00e1rea!","breadcrumb":{"@id":"https:\/\/trabajoinfinito.com\/politica-de-privacidad\/#breadcrumb"},"inLanguage":"es-AR","potentialAction":[{"@type":"ReadAction","target":["https:\/\/trabajoinfinito.com\/politica-de-privacidad\/"]}]},{"@type":"BreadcrumbList","@id":"https:\/\/trabajoinfinito.com\/politica-de-privacidad\/#breadcrumb","itemListElement":[{"@type":"ListItem","position":1,"name":"Inicio","item":"https:\/\/trabajoinfinito.com\/"},{"@type":"ListItem","position":2,"name":"Pol\u00edtica de Privacidad"}]},{"@type":"WebSite","@id":"http:\/\/trabajoinfinito.com\/#website","url":"http:\/\/trabajoinfinito.com\/","name":"Trabajo Infinito","description":"","publisher":{"@id":"http:\/\/trabajoinfinito.com\/#organization"},"potentialAction":[{"@type":"SearchAction","target":{"@type":"EntryPoint","urlTemplate":"http:\/\/trabajoinfinito.com\/?s={search_term_string}"},"query-input":"required name=search_term_string"}],"inLanguage":"es-AR"},{"@type":"Organization","@id":"http:\/\/trabajoinfinito.com\/#organization","name":"Trabajo Infinito","url":"http:\/\/trabajoinfinito.com\/","logo":{"@type":"ImageObject","inLanguage":"es-AR","@id":"http:\/\/trabajoinfinito.com\/#\/schema\/logo\/image\/","url":"https:\/\/trabajoinfinito.com\/wp-content\/uploads\/2023\/04\/Logo-3D-para-fondo-claro-e1681124952287.png","contentUrl":"https:\/\/trabajoinfinito.com\/wp-content\/uploads\/2023\/04\/Logo-3D-para-fondo-claro-e1681124952287.png","width":1559,"height":846,"caption":"Trabajo Infinito"},"image":{"@id":"http:\/\/trabajoinfinito.com\/#\/schema\/logo\/image\/"}}]}},"_links":{"self":[{"href":"https:\/\/trabajoinfinito.com\/es\/wp-json\/wp\/v2\/pages\/2972","targetHints":{"allow":["GET"]}}],"collection":[{"href":"https:\/\/trabajoinfinito.com\/es\/wp-json\/wp\/v2\/pages"}],"about":[{"href":"https:\/\/trabajoinfinito.com\/es\/wp-json\/wp\/v2\/types\/page"}],"author":[{"embeddable":true,"href":"https:\/\/trabajoinfinito.com\/es\/wp-json\/wp\/v2\/users\/3"}],"replies":[{"embeddable":true,"href":"https:\/\/trabajoinfinito.com\/es\/wp-json\/wp\/v2\/comments?post=2972"}],"version-history":[{"count":0,"href":"https:\/\/trabajoinfinito.com\/es\/wp-json\/wp\/v2\/pages\/2972\/revisions"}],"wp:attachment":[{"href":"https:\/\/trabajoinfinito.com\/es\/wp-json\/wp\/v2\/media?parent=2972"}],"curies":[{"name":"wp","href":"https:\/\/api.w.org\/{rel}","templated":true}]}}