{"id":3111,"date":"2020-05-10T13:30:56","date_gmt":"2020-05-10T13:30:56","guid":{"rendered":"https:\/\/cariera.co\/new\/?page_id=3111"},"modified":"2023-05-16T12:33:13","modified_gmt":"2023-05-16T12:33:13","slug":"contacto","status":"publish","type":"page","link":"https:\/\/trabajoinfinito.com\/es\/contacto\/","title":{"rendered":"Contacto"},"content":{"rendered":"<div data-elementor-type=\"wp-page\" data-elementor-id=\"3111\" class=\"elementor elementor-3111\">\n\t\t\t\t\t\t<section class=\"elementor-section elementor-top-section elementor-element elementor-element-f25a933 elementor-section-boxed elementor-section-height-default elementor-section-height-default\" data-id=\"f25a933\" data-element_type=\"section\">\n\t\t\t\t\t\t<div class=\"elementor-container elementor-column-gap-default\">\n\t\t\t\t\t<div class=\"elementor-column elementor-col-50 elementor-top-column elementor-element elementor-element-ab692ba\" data-id=\"ab692ba\" data-element_type=\"column\">\n\t\t\t<div class=\"elementor-widget-wrap elementor-element-populated\">\n\t\t\t\t\t\t<div class=\"elementor-element elementor-element-a944129 elementor-view-default elementor-widget elementor-widget-icon\" data-id=\"a944129\" data-element_type=\"widget\" data-widget_type=\"icon.default\">\n\t\t\t\t<div class=\"elementor-widget-container\">\n\t\t\t\t\t\t\t<div class=\"elementor-icon-wrapper\">\n\t\t\t<a class=\"elementor-icon\" href=\"mailto:info@trabajoinfinito.com\" target=\"_blank\" rel=\"nofollow\">\n\t\t\t<i aria-hidden=\"true\" class=\"far fa-envelope\"><\/i>\t\t\t<\/a>\n\t\t<\/div>\n\t\t\t\t\t\t<\/div>\n\t\t\t\t<\/div>\n\t\t\t\t<div class=\"elementor-element elementor-element-a6ba89a elementor-widget elementor-widget-heading\" data-id=\"a6ba89a\" data-element_type=\"widget\" data-widget_type=\"heading.default\">\n\t\t\t\t<div class=\"elementor-widget-container\">\n\t\t\t\t\t<h5 class=\"elementor-heading-title elementor-size-default\"><a href=\"mailto:info@trabajoinfinito.com\" target=\"_blank\" rel=\"nofollow\">Email<\/a><\/h5>\t\t\t\t<\/div>\n\t\t\t\t<\/div>\n\t\t\t\t<div class=\"elementor-element elementor-element-690460c elementor-widget elementor-widget-heading\" data-id=\"690460c\" data-element_type=\"widget\" data-widget_type=\"heading.default\">\n\t\t\t\t<div class=\"elementor-widget-container\">\n\t\t\t\t\t<p class=\"elementor-heading-title elementor-size-default\"><a href=\"mailto:info@trabajoinfinito.com\" target=\"_blank\" rel=\"nofollow\">info@trabajoinfinito.com<\/a><\/p>\t\t\t\t<\/div>\n\t\t\t\t<\/div>\n\t\t\t\t<div class=\"elementor-element elementor-element-6ffc8ab elementor-view-default elementor-widget elementor-widget-icon\" data-id=\"6ffc8ab\" data-element_type=\"widget\" data-widget_type=\"icon.default\">\n\t\t\t\t<div class=\"elementor-widget-container\">\n\t\t\t\t\t\t\t<div class=\"elementor-icon-wrapper\">\n\t\t\t<a class=\"elementor-icon\" href=\"https:\/\/www.tiktok.com\/@trabajoinfinitooficial\" target=\"_blank\" rel=\"nofollow\">\n\t\t\t<i aria-hidden=\"true\" class=\"fab fa-tiktok\"><\/i>\t\t\t<\/a>\n\t\t<\/div>\n\t\t\t\t\t\t<\/div>\n\t\t\t\t<\/div>\n\t\t\t\t<div class=\"elementor-element elementor-element-fbfc5e7 elementor-widget elementor-widget-heading\" data-id=\"fbfc5e7\" data-element_type=\"widget\" data-widget_type=\"heading.default\">\n\t\t\t\t<div class=\"elementor-widget-container\">\n\t\t\t\t\t<h5 class=\"elementor-heading-title elementor-size-default\"><a href=\"https:\/\/www.tiktok.com\/@trabajoinfinitooficial\" target=\"_blank\" rel=\"nofollow\">TikTok<\/a><\/h5>\t\t\t\t<\/div>\n\t\t\t\t<\/div>\n\t\t\t\t<div class=\"elementor-element elementor-element-f86345b elementor-widget elementor-widget-heading\" data-id=\"f86345b\" data-element_type=\"widget\" data-widget_type=\"heading.default\">\n\t\t\t\t<div class=\"elementor-widget-container\">\n\t\t\t\t\t<p class=\"elementor-heading-title elementor-size-default\"><a href=\"https:\/\/www.tiktok.com\/@trabajoinfinitooficial\" target=\"_blank\" rel=\"nofollow\">trabajoinfinitooficial<\/a><\/p>\t\t\t\t<\/div>\n\t\t\t\t<\/div>\n\t\t\t\t<div class=\"elementor-element elementor-element-10d0109 elementor-view-default elementor-widget elementor-widget-icon\" data-id=\"10d0109\" data-element_type=\"widget\" data-widget_type=\"icon.default\">\n\t\t\t\t<div class=\"elementor-widget-container\">\n\t\t\t\t\t\t\t<div class=\"elementor-icon-wrapper\">\n\t\t\t<a class=\"elementor-icon\" href=\"https:\/\/www.instagram.com\/trabajoinfinitooficial\/\" target=\"_blank\" rel=\"nofollow\">\n\t\t\t<i aria-hidden=\"true\" class=\"fab fa-instagram\"><\/i>\t\t\t<\/a>\n\t\t<\/div>\n\t\t\t\t\t\t<\/div>\n\t\t\t\t<\/div>\n\t\t\t\t<div class=\"elementor-element elementor-element-9899b4a elementor-widget elementor-widget-heading\" data-id=\"9899b4a\" data-element_type=\"widget\" data-widget_type=\"heading.default\">\n\t\t\t\t<div class=\"elementor-widget-container\">\n\t\t\t\t\t<h5 class=\"elementor-heading-title elementor-size-default\"><a href=\"https:\/\/www.instagram.com\/trabajoinfinitooficial\/\" target=\"_blank\" rel=\"nofollow\">Instagram<\/a><\/h5>\t\t\t\t<\/div>\n\t\t\t\t<\/div>\n\t\t\t\t<div class=\"elementor-element elementor-element-79c2558 elementor-widget elementor-widget-heading\" data-id=\"79c2558\" data-element_type=\"widget\" data-widget_type=\"heading.default\">\n\t\t\t\t<div class=\"elementor-widget-container\">\n\t\t\t\t\t<p class=\"elementor-heading-title elementor-size-default\"><a href=\"https:\/\/www.instagram.com\/trabajoinfinitooficial\/\" target=\"_blank\" rel=\"nofollow\">trabajoinfinitooficial<\/a><\/p>\t\t\t\t<\/div>\n\t\t\t\t<\/div>\n\t\t\t\t<div class=\"elementor-element elementor-element-e93ff7a elementor-view-default elementor-widget elementor-widget-icon\" data-id=\"e93ff7a\" data-element_type=\"widget\" data-widget_type=\"icon.default\">\n\t\t\t\t<div class=\"elementor-widget-container\">\n\t\t\t\t\t\t\t<div class=\"elementor-icon-wrapper\">\n\t\t\t<a class=\"elementor-icon\" href=\"https:\/\/www.youtube.com\/channel\/UCFHkQRcfqzeCl-ZY3pA_Fxw\" target=\"_blank\" rel=\"nofollow\">\n\t\t\t<i aria-hidden=\"true\" class=\"fab fa-youtube\"><\/i>\t\t\t<\/a>\n\t\t<\/div>\n\t\t\t\t\t\t<\/div>\n\t\t\t\t<\/div>\n\t\t\t\t<div class=\"elementor-element elementor-element-b623357 elementor-widget elementor-widget-heading\" data-id=\"b623357\" data-element_type=\"widget\" data-widget_type=\"heading.default\">\n\t\t\t\t<div class=\"elementor-widget-container\">\n\t\t\t\t\t<h5 class=\"elementor-heading-title elementor-size-default\"><a href=\"https:\/\/www.youtube.com\/channel\/UCFHkQRcfqzeCl-ZY3pA_Fxw\" target=\"_blank\" rel=\"nofollow\">YouTube<\/a><\/h5>\t\t\t\t<\/div>\n\t\t\t\t<\/div>\n\t\t\t\t<div class=\"elementor-element elementor-element-4de4db0 elementor-widget elementor-widget-heading\" data-id=\"4de4db0\" data-element_type=\"widget\" data-widget_type=\"heading.default\">\n\t\t\t\t<div class=\"elementor-widget-container\">\n\t\t\t\t\t<p class=\"elementor-heading-title elementor-size-default\"><a href=\"https:\/\/www.youtube.com\/channel\/UCFHkQRcfqzeCl-ZY3pA_Fxw\" target=\"_blank\" rel=\"nofollow\">trabajo infinito<\/a><\/p>\t\t\t\t<\/div>\n\t\t\t\t<\/div>\n\t\t\t\t<div class=\"elementor-element elementor-element-ddd937e elementor-view-default elementor-widget elementor-widget-icon\" data-id=\"ddd937e\" data-element_type=\"widget\" data-widget_type=\"icon.default\">\n\t\t\t\t<div class=\"elementor-widget-container\">\n\t\t\t\t\t\t\t<div class=\"elementor-icon-wrapper\">\n\t\t\t<a class=\"elementor-icon\" href=\"https:\/\/www.facebook.com\/trabajoinfinito\/\" target=\"_blank\" rel=\"nofollow\">\n\t\t\t<i aria-hidden=\"true\" class=\"fab fa-facebook\"><\/i>\t\t\t<\/a>\n\t\t<\/div>\n\t\t\t\t\t\t<\/div>\n\t\t\t\t<\/div>\n\t\t\t\t<div class=\"elementor-element elementor-element-74b20e1 elementor-widget elementor-widget-heading\" data-id=\"74b20e1\" data-element_type=\"widget\" data-widget_type=\"heading.default\">\n\t\t\t\t<div class=\"elementor-widget-container\">\n\t\t\t\t\t<h5 class=\"elementor-heading-title elementor-size-default\"><a href=\"https:\/\/www.facebook.com\/trabajoinfinito\/\" target=\"_blank\" rel=\"nofollow\">Facebook<\/a><\/h5>\t\t\t\t<\/div>\n\t\t\t\t<\/div>\n\t\t\t\t<div class=\"elementor-element elementor-element-c6727f1 elementor-widget elementor-widget-heading\" data-id=\"c6727f1\" data-element_type=\"widget\" data-widget_type=\"heading.default\">\n\t\t\t\t<div class=\"elementor-widget-container\">\n\t\t\t\t\t<p class=\"elementor-heading-title elementor-size-default\"><a href=\"https:\/\/www.facebook.com\/trabajoinfinito\/\" target=\"_blank\" rel=\"nofollow\">trabajo infinito<\/a><\/p>\t\t\t\t<\/div>\n\t\t\t\t<\/div>\n\t\t\t\t\t<\/div>\n\t\t<\/div>\n\t\t\t\t<div class=\"elementor-column elementor-col-50 elementor-top-column elementor-element elementor-element-baeee7f\" data-id=\"baeee7f\" data-element_type=\"column\">\n\t\t\t<div class=\"elementor-widget-wrap elementor-element-populated\">\n\t\t\t\t\t\t<div class=\"elementor-element elementor-element-afd92f2 elementor-widget elementor-widget-heading\" data-id=\"afd92f2\" data-element_type=\"widget\" data-widget_type=\"heading.default\">\n\t\t\t\t<div class=\"elementor-widget-container\">\n\t\t\t\t\t<h3 class=\"elementor-heading-title elementor-size-default\">Dejanos tu consulta<\/h3>\t\t\t\t<\/div>\n\t\t\t\t<\/div>\n\t\t\t\t<div class=\"elementor-element elementor-element-26afd06 elementor-widget elementor-widget-heading\" data-id=\"26afd06\" data-element_type=\"widget\" data-widget_type=\"heading.default\">\n\t\t\t\t<div class=\"elementor-widget-container\">\n\t\t\t\t\t<p class=\"elementor-heading-title elementor-size-default\">Y responderemos a la brevedad.<\/p>\t\t\t\t<\/div>\n\t\t\t\t<\/div>\n\t\t\t\t<div class=\"elementor-element elementor-element-953b6c3 elementor-widget elementor-widget-contact_form7\" data-id=\"953b6c3\" data-element_type=\"widget\" data-widget_type=\"contact_form7.default\">\n\t\t\t\t<div class=\"elementor-widget-container\">\n\t\t\t\t\t\t\t<div class=\"contact-form7\">[contact-form-7 id=\"3121\"]<\/div>\r\n\r\n\t\t\t\t\t\t<\/div>\n\t\t\t\t<\/div>\n\t\t\t\t\t<\/div>\n\t\t<\/div>\n\t\t\t\t\t<\/div>\n\t\t<\/section>\n\t\t\t\t<\/div>","protected":false},"excerpt":{"rendered":"<p>Email info@trabajoinfinito.com TikTok trabajoinfinitooficial Instagram trabajoinfinitooficial YouTube trabajo infinito Facebook trabajo infinito Dejanos tu consulta Y responderemos a la brevedad.<\/p>","protected":false},"author":3,"featured_media":0,"parent":0,"menu_order":0,"comment_status":"closed","ping_status":"closed","template":"","meta":{"footnotes":""},"class_list":["post-3111","page","type-page","status-publish","hentry"],"yoast_head":"<!-- This site is optimized with the Yoast SEO plugin v23.3 - https:\/\/yoast.com\/wordpress\/plugins\/seo\/ -->\n<title>Contacto - Trabajo Infinito<\/title>\n<meta name=\"description\" content=\"Contacto - Trabajo Infinito - Busc\u00e1 trabajo en esta bolsa de empleo digital y encontr\u00e1 las mejores oportunidades en tu \u00e1rea profesional.\" \/>\n<meta name=\"robots\" content=\"index, follow, max-snippet:-1, max-image-preview:large, max-video-preview:-1\" \/>\n<link rel=\"canonical\" href=\"https:\/\/trabajoinfinito.com\/es\/contacto\/\" \/>\n<meta property=\"og:locale\" content=\"es_ES\" \/>\n<meta property=\"og:type\" content=\"article\" \/>\n<meta property=\"og:title\" content=\"Contacto - Trabajo Infinito\" \/>\n<meta property=\"og:description\" content=\"Contacto - Trabajo Infinito - Busc\u00e1 trabajo en esta bolsa de empleo digital y encontr\u00e1 las mejores oportunidades en tu \u00e1rea profesional.\" \/>\n<meta property=\"og:url\" content=\"https:\/\/trabajoinfinito.com\/es\/contacto\/\" \/>\n<meta property=\"og:site_name\" content=\"Trabajo Infinito\" \/>\n<meta property=\"article:modified_time\" content=\"2023-05-16T12:33:13+00:00\" \/>\n<meta name=\"twitter:card\" content=\"summary_large_image\" \/>\n<meta name=\"twitter:label1\" content=\"Tiempo de lectura\" \/>\n\t<meta name=\"twitter:data1\" content=\"1 minuto\" \/>\n<script type=\"application\/ld+json\" class=\"yoast-schema-graph\">{\"@context\":\"https:\/\/schema.org\",\"@graph\":[{\"@type\":\"WebPage\",\"@id\":\"https:\/\/trabajoinfinito.com\/contacto\/\",\"url\":\"https:\/\/trabajoinfinito.com\/contacto\/\",\"name\":\"Contacto - Trabajo Infinito\",\"isPartOf\":{\"@id\":\"http:\/\/trabajoinfinito.com\/#website\"},\"datePublished\":\"2020-05-10T13:30:56+00:00\",\"dateModified\":\"2023-05-16T12:33:13+00:00\",\"description\":\"Contacto - Trabajo Infinito - Busc\u00e1 trabajo en esta bolsa de empleo digital y encontr\u00e1 las mejores oportunidades en tu \u00e1rea profesional.\",\"breadcrumb\":{\"@id\":\"https:\/\/trabajoinfinito.com\/contacto\/#breadcrumb\"},\"inLanguage\":\"es-AR\",\"potentialAction\":[{\"@type\":\"ReadAction\",\"target\":[\"https:\/\/trabajoinfinito.com\/contacto\/\"]}]},{\"@type\":\"BreadcrumbList\",\"@id\":\"https:\/\/trabajoinfinito.com\/contacto\/#breadcrumb\",\"itemListElement\":[{\"@type\":\"ListItem\",\"position\":1,\"name\":\"Inicio\",\"item\":\"https:\/\/trabajoinfinito.com\/\"},{\"@type\":\"ListItem\",\"position\":2,\"name\":\"Contacto\"}]},{\"@type\":\"WebSite\",\"@id\":\"http:\/\/trabajoinfinito.com\/#website\",\"url\":\"http:\/\/trabajoinfinito.com\/\",\"name\":\"Trabajo Infinito\",\"description\":\"\",\"publisher\":{\"@id\":\"http:\/\/trabajoinfinito.com\/#organization\"},\"potentialAction\":[{\"@type\":\"SearchAction\",\"target\":{\"@type\":\"EntryPoint\",\"urlTemplate\":\"http:\/\/trabajoinfinito.com\/?s={search_term_string}\"},\"query-input\":\"required name=search_term_string\"}],\"inLanguage\":\"es-AR\"},{\"@type\":\"Organization\",\"@id\":\"http:\/\/trabajoinfinito.com\/#organization\",\"name\":\"Trabajo Infinito\",\"url\":\"http:\/\/trabajoinfinito.com\/\",\"logo\":{\"@type\":\"ImageObject\",\"inLanguage\":\"es-AR\",\"@id\":\"http:\/\/trabajoinfinito.com\/#\/schema\/logo\/image\/\",\"url\":\"https:\/\/trabajoinfinito.com\/wp-content\/uploads\/2023\/04\/Logo-3D-para-fondo-claro-e1681124952287.png\",\"contentUrl\":\"https:\/\/trabajoinfinito.com\/wp-content\/uploads\/2023\/04\/Logo-3D-para-fondo-claro-e1681124952287.png\",\"width\":1559,\"height\":846,\"caption\":\"Trabajo Infinito\"},\"image\":{\"@id\":\"http:\/\/trabajoinfinito.com\/#\/schema\/logo\/image\/\"}}]}<\/script>\n<!-- \/ Yoast SEO plugin. -->","yoast_head_json":{"title":"Contacto - Trabajo Infinito","description":"Contacto - Trabajo Infinito - Busc\u00e1 trabajo en esta bolsa de empleo digital y encontr\u00e1 las mejores oportunidades en tu \u00e1rea profesional.","robots":{"index":"index","follow":"follow","max-snippet":"max-snippet:-1","max-image-preview":"max-image-preview:large","max-video-preview":"max-video-preview:-1"},"canonical":"https:\/\/trabajoinfinito.com\/es\/contacto\/","og_locale":"es_ES","og_type":"article","og_title":"Contacto - Trabajo Infinito","og_description":"Contacto - Trabajo Infinito - Busc\u00e1 trabajo en esta bolsa de empleo digital y encontr\u00e1 las mejores oportunidades en tu \u00e1rea profesional.","og_url":"https:\/\/trabajoinfinito.com\/es\/contacto\/","og_site_name":"Trabajo Infinito","article_modified_time":"2023-05-16T12:33:13+00:00","twitter_card":"summary_large_image","twitter_misc":{"Tiempo de lectura":"1 minuto"},"schema":{"@context":"https:\/\/schema.org","@graph":[{"@type":"WebPage","@id":"https:\/\/trabajoinfinito.com\/contacto\/","url":"https:\/\/trabajoinfinito.com\/contacto\/","name":"Contacto - Trabajo Infinito","isPartOf":{"@id":"http:\/\/trabajoinfinito.com\/#website"},"datePublished":"2020-05-10T13:30:56+00:00","dateModified":"2023-05-16T12:33:13+00:00","description":"Contacto - Trabajo Infinito - Busc\u00e1 trabajo en esta bolsa de empleo digital y encontr\u00e1 las mejores oportunidades en tu \u00e1rea profesional.","breadcrumb":{"@id":"https:\/\/trabajoinfinito.com\/contacto\/#breadcrumb"},"inLanguage":"es-AR","potentialAction":[{"@type":"ReadAction","target":["https:\/\/trabajoinfinito.com\/contacto\/"]}]},{"@type":"BreadcrumbList","@id":"https:\/\/trabajoinfinito.com\/contacto\/#breadcrumb","itemListElement":[{"@type":"ListItem","position":1,"name":"Inicio","item":"https:\/\/trabajoinfinito.com\/"},{"@type":"ListItem","position":2,"name":"Contacto"}]},{"@type":"WebSite","@id":"http:\/\/trabajoinfinito.com\/#website","url":"http:\/\/trabajoinfinito.com\/","name":"Trabajo Infinito","description":"","publisher":{"@id":"http:\/\/trabajoinfinito.com\/#organization"},"potentialAction":[{"@type":"SearchAction","target":{"@type":"EntryPoint","urlTemplate":"http:\/\/trabajoinfinito.com\/?s={search_term_string}"},"query-input":"required name=search_term_string"}],"inLanguage":"es-AR"},{"@type":"Organization","@id":"http:\/\/trabajoinfinito.com\/#organization","name":"Trabajo Infinito","url":"http:\/\/trabajoinfinito.com\/","logo":{"@type":"ImageObject","inLanguage":"es-AR","@id":"http:\/\/trabajoinfinito.com\/#\/schema\/logo\/image\/","url":"https:\/\/trabajoinfinito.com\/wp-content\/uploads\/2023\/04\/Logo-3D-para-fondo-claro-e1681124952287.png","contentUrl":"https:\/\/trabajoinfinito.com\/wp-content\/uploads\/2023\/04\/Logo-3D-para-fondo-claro-e1681124952287.png","width":1559,"height":846,"caption":"Trabajo Infinito"},"image":{"@id":"http:\/\/trabajoinfinito.com\/#\/schema\/logo\/image\/"}}]}},"_links":{"self":[{"href":"https:\/\/trabajoinfinito.com\/es\/wp-json\/wp\/v2\/pages\/3111","targetHints":{"allow":["GET"]}}],"collection":[{"href":"https:\/\/trabajoinfinito.com\/es\/wp-json\/wp\/v2\/pages"}],"about":[{"href":"https:\/\/trabajoinfinito.com\/es\/wp-json\/wp\/v2\/types\/page"}],"author":[{"embeddable":true,"href":"https:\/\/trabajoinfinito.com\/es\/wp-json\/wp\/v2\/users\/3"}],"replies":[{"embeddable":true,"href":"https:\/\/trabajoinfinito.com\/es\/wp-json\/wp\/v2\/comments?post=3111"}],"version-history":[{"count":0,"href":"https:\/\/trabajoinfinito.com\/es\/wp-json\/wp\/v2\/pages\/3111\/revisions"}],"wp:attachment":[{"href":"https:\/\/trabajoinfinito.com\/es\/wp-json\/wp\/v2\/media?parent=3111"}],"curies":[{"name":"wp","href":"https:\/\/api.w.org\/{rel}","templated":true}]}}