{"id":6987,"date":"2023-05-03T10:57:30","date_gmt":"2023-05-03T10:57:30","guid":{"rendered":"https:\/\/trabajoinfinito.com\/?page_id=6987"},"modified":"2023-05-12T22:19:55","modified_gmt":"2023-05-12T22:19:55","slug":"preguntas-frecuentes","status":"publish","type":"page","link":"https:\/\/trabajoinfinito.com\/es\/preguntas-frecuentes\/","title":{"rendered":"Preguntas Frecuentes"},"content":{"rendered":"<div data-elementor-type=\"wp-page\" data-elementor-id=\"6987\" class=\"elementor elementor-6987\">\n\t\t\t\t\t\t<section class=\"elementor-section elementor-top-section elementor-element elementor-element-20510a0 elementor-section-boxed elementor-section-height-default elementor-section-height-default\" data-id=\"20510a0\" data-element_type=\"section\" data-settings=\"{&quot;background_background&quot;:&quot;classic&quot;}\">\n\t\t\t\t\t\t<div class=\"elementor-container elementor-column-gap-default\">\n\t\t\t\t\t<div class=\"elementor-column elementor-col-100 elementor-top-column elementor-element elementor-element-34e076d\" data-id=\"34e076d\" data-element_type=\"column\">\n\t\t\t<div class=\"elementor-widget-wrap elementor-element-populated\">\n\t\t\t\t\t\t<div class=\"elementor-element elementor-element-ea5675f elementor-widget elementor-widget-heading\" data-id=\"ea5675f\" data-element_type=\"widget\" data-widget_type=\"heading.default\">\n\t\t\t\t<div class=\"elementor-widget-container\">\n\t\t\t\t\t<h2 class=\"elementor-heading-title elementor-size-default\">Preguntas Frecuentes<\/h2>\t\t\t\t<\/div>\n\t\t\t\t<\/div>\n\t\t\t\t\t<\/div>\n\t\t<\/div>\n\t\t\t\t\t<\/div>\n\t\t<\/section>\n\t\t\t\t<section class=\"elementor-section elementor-top-section elementor-element elementor-element-17bc049 elementor-section-boxed elementor-section-height-default elementor-section-height-default\" data-id=\"17bc049\" data-element_type=\"section\">\n\t\t\t\t\t\t<div class=\"elementor-container elementor-column-gap-default\">\n\t\t\t\t\t<div class=\"elementor-column elementor-col-100 elementor-top-column elementor-element elementor-element-3456821\" data-id=\"3456821\" data-element_type=\"column\">\n\t\t\t<div class=\"elementor-widget-wrap elementor-element-populated\">\n\t\t\t\t\t\t<div class=\"elementor-element elementor-element-cd557a3 elementor-widget elementor-widget-heading\" data-id=\"cd557a3\" data-element_type=\"widget\" data-widget_type=\"heading.default\">\n\t\t\t\t<div class=\"elementor-widget-container\">\n\t\t\t\t\t<h4 class=\"elementor-heading-title elementor-size-default\">1. \u00bfPuedo suscribirme gratis como candidato?<\/h4>\t\t\t\t<\/div>\n\t\t\t\t<\/div>\n\t\t\t\t<div class=\"elementor-element elementor-element-5134e6f elementor-widget elementor-widget-heading\" data-id=\"5134e6f\" data-element_type=\"widget\" data-widget_type=\"heading.default\">\n\t\t\t\t<div class=\"elementor-widget-container\">\n\t\t\t\t\t<p class=\"elementor-heading-title elementor-size-default\">S\u00ed, puedes suscribirte gratis como candidato. Esto te permite crear un perfil y subir tu curr\u00edculum para que los empleadores puedan encontrarte. Tambi\u00e9n puedes buscar y postularte a ofertas de trabajo que se ajusten a tus habilidades y experiencia.<\/p>\t\t\t\t<\/div>\n\t\t\t\t<\/div>\n\t\t\t\t<div class=\"elementor-element elementor-element-12fde85 elementor-widget elementor-widget-heading\" data-id=\"12fde85\" data-element_type=\"widget\" data-widget_type=\"heading.default\">\n\t\t\t\t<div class=\"elementor-widget-container\">\n\t\t\t\t\t<h4 class=\"elementor-heading-title elementor-size-default\">2. \u00bfPuedo suscribirme gratis como profesional?<\/h4>\t\t\t\t<\/div>\n\t\t\t\t<\/div>\n\t\t\t\t<div class=\"elementor-element elementor-element-06d4fac elementor-widget elementor-widget-heading\" data-id=\"06d4fac\" data-element_type=\"widget\" data-widget_type=\"heading.default\">\n\t\t\t\t<div class=\"elementor-widget-container\">\n\t\t\t\t\t<p class=\"elementor-heading-title elementor-size-default\">S\u00ed, puedes suscribirte gratis como profesional en la mayor\u00eda de las p\u00e1ginas web de b\u00fasqueda de trabajo. Esto te permite crear un perfil y destacar tus habilidades y experiencia profesional para que los empleadores puedan encontrarte. Tambi\u00e9n puedes buscar y postularte a ofertas de trabajo que se ajusten a tu perfil profesional.<\/p>\t\t\t\t<\/div>\n\t\t\t\t<\/div>\n\t\t\t\t<div class=\"elementor-element elementor-element-3a5787d elementor-widget elementor-widget-heading\" data-id=\"3a5787d\" data-element_type=\"widget\" data-widget_type=\"heading.default\">\n\t\t\t\t<div class=\"elementor-widget-container\">\n\t\t\t\t\t<h4 class=\"elementor-heading-title elementor-size-default\">3. \u00bfPuedo suscribirme gratis como empresa?<\/h4>\t\t\t\t<\/div>\n\t\t\t\t<\/div>\n\t\t\t\t<div class=\"elementor-element elementor-element-06a3d4c elementor-widget elementor-widget-heading\" data-id=\"06a3d4c\" data-element_type=\"widget\" data-widget_type=\"heading.default\">\n\t\t\t\t<div class=\"elementor-widget-container\">\n\t\t\t\t\t<p class=\"elementor-heading-title elementor-size-default\">S\u00ed, puedes suscribirte gratis como empresa en la mayor\u00eda de las p\u00e1ginas web de b\u00fasqueda de trabajo. Esto te permite crear un perfil de empresa y publicar ofertas de trabajo para encontrar candidatos que se ajusten a tus necesidades. Tambi\u00e9n puedes buscar y contactar a profesionales que cumplan con los requisitos para tus vacantes.<\/p>\t\t\t\t<\/div>\n\t\t\t\t<\/div>\n\t\t\t\t<div class=\"elementor-element elementor-element-131466f elementor-widget elementor-widget-heading\" data-id=\"131466f\" data-element_type=\"widget\" data-widget_type=\"heading.default\">\n\t\t\t\t<div class=\"elementor-widget-container\">\n\t\t\t\t\t<h4 class=\"elementor-heading-title elementor-size-default\">4. \u00bfPuedo chatear en l\u00ednea como profesional?<\/h4>\t\t\t\t<\/div>\n\t\t\t\t<\/div>\n\t\t\t\t<div class=\"elementor-element elementor-element-b4b54eb elementor-widget elementor-widget-heading\" data-id=\"b4b54eb\" data-element_type=\"widget\" data-widget_type=\"heading.default\">\n\t\t\t\t<div class=\"elementor-widget-container\">\n\t\t\t\t\t<p class=\"elementor-heading-title elementor-size-default\">S\u00ed, en esta pagina web de b\u00fasqueda de trabajo puedes chatear en l\u00ednea como profesional. Esto te permite comunicarte directamente con los empleadores y responder a sus preguntas sobre tus habilidades y experiencia. Tambi\u00e9n puedes hacer preguntas sobre las ofertas de trabajo y obtener m\u00e1s informaci\u00f3n sobre las vacantes disponibles.<\/p>\t\t\t\t<\/div>\n\t\t\t\t<\/div>\n\t\t\t\t<div class=\"elementor-element elementor-element-46e5ec4 elementor-widget elementor-widget-heading\" data-id=\"46e5ec4\" data-element_type=\"widget\" data-widget_type=\"heading.default\">\n\t\t\t\t<div class=\"elementor-widget-container\">\n\t\t\t\t\t<h4 class=\"elementor-heading-title elementor-size-default\">5. \u00bfPuedo chatear en l\u00ednea como empresa?<\/h4>\t\t\t\t<\/div>\n\t\t\t\t<\/div>\n\t\t\t\t<div class=\"elementor-element elementor-element-5d7e678 elementor-widget elementor-widget-heading\" data-id=\"5d7e678\" data-element_type=\"widget\" data-widget_type=\"heading.default\">\n\t\t\t\t<div class=\"elementor-widget-container\">\n\t\t\t\t\t<p class=\"elementor-heading-title elementor-size-default\">S\u00ed, en esta p\u00e1ginas web de b\u00fasqueda de trabajo puedes chatear en l\u00ednea como empresa. Esto te permite comunicarte directamente con los profesionales y hacerles preguntas sobre sus habilidades y experiencia. Tambi\u00e9n puedes proporcionar m\u00e1s informaci\u00f3n sobre tus ofertas de trabajo y responder a las preguntas de los candidatos interesados.<\/p>\t\t\t\t<\/div>\n\t\t\t\t<\/div>\n\t\t\t\t<div class=\"elementor-element elementor-element-409dd50 elementor-widget elementor-widget-heading\" data-id=\"409dd50\" data-element_type=\"widget\" data-widget_type=\"heading.default\">\n\t\t\t\t<div class=\"elementor-widget-container\">\n\t\t\t\t\t<h4 class=\"elementor-heading-title elementor-size-default\">6. \u00bfPuedo chatear en l\u00ednea como candidato?<\/h4>\t\t\t\t<\/div>\n\t\t\t\t<\/div>\n\t\t\t\t<div class=\"elementor-element elementor-element-6cd7a7d elementor-widget elementor-widget-heading\" data-id=\"6cd7a7d\" data-element_type=\"widget\" data-widget_type=\"heading.default\">\n\t\t\t\t<div class=\"elementor-widget-container\">\n\t\t\t\t\t<p class=\"elementor-heading-title elementor-size-default\">No, no puedes chatear en l\u00ednea como candidato en la p\u00e1gina web de b\u00fasqueda de trabajo. Sin embargo, puedes buscar y postularte a ofertas de trabajo y comunicarte con los empleadores a trav\u00e9s de otros medios, como el correo electr\u00f3nico o el tel\u00e9fono.<\/p>\t\t\t\t<\/div>\n\t\t\t\t<\/div>\n\t\t\t\t<div class=\"elementor-element elementor-element-1e2b74a elementor-widget elementor-widget-heading\" data-id=\"1e2b74a\" data-element_type=\"widget\" data-widget_type=\"heading.default\">\n\t\t\t\t<div class=\"elementor-widget-container\">\n\t\t\t\t\t<h4 class=\"elementor-heading-title elementor-size-default\">7. \u00bfPuedo completar solo algunos datos para ser activo?<\/h4>\t\t\t\t<\/div>\n\t\t\t\t<\/div>\n\t\t\t\t<div class=\"elementor-element elementor-element-603be6c elementor-widget elementor-widget-heading\" data-id=\"603be6c\" data-element_type=\"widget\" data-widget_type=\"heading.default\">\n\t\t\t\t<div class=\"elementor-widget-container\">\n\t\t\t\t\t<p class=\"elementor-heading-title elementor-size-default\">No, en general no puedes completar solo algunos datos para ser activo en las p\u00e1ginas web de b\u00fasqueda de trabajo. Es importante completar todos los campos requeridos para crear un perfil completo y aumentar tus posibilidades de encontrar trabajo.<\/p>\t\t\t\t<\/div>\n\t\t\t\t<\/div>\n\t\t\t\t<div class=\"elementor-element elementor-element-a33956e elementor-widget elementor-widget-heading\" data-id=\"a33956e\" data-element_type=\"widget\" data-widget_type=\"heading.default\">\n\t\t\t\t<div class=\"elementor-widget-container\">\n\t\t\t\t\t<h4 class=\"elementor-heading-title elementor-size-default\">8. \u00bfTodos pueden ver el blog de noticias si estas suscritos?<\/h4>\t\t\t\t<\/div>\n\t\t\t\t<\/div>\n\t\t\t\t<div class=\"elementor-element elementor-element-0a52ffa elementor-widget elementor-widget-heading\" data-id=\"0a52ffa\" data-element_type=\"widget\" data-widget_type=\"heading.default\">\n\t\t\t\t<div class=\"elementor-widget-container\">\n\t\t\t\t\t<p class=\"elementor-heading-title elementor-size-default\">S\u00ed, en general todos pueden ver el blog de noticias en las p\u00e1ginas web de b\u00fasqueda de trabajo si est\u00e1n suscritos. El blog de noticias suele contener informaci\u00f3n \u00fatil sobre el mercado laboral, consejos para buscar trabajo y noticias sobre la empresa y sus servicios.<\/p>\t\t\t\t<\/div>\n\t\t\t\t<\/div>\n\t\t\t\t<div class=\"elementor-element elementor-element-c0af245 elementor-widget elementor-widget-heading\" data-id=\"c0af245\" data-element_type=\"widget\" data-widget_type=\"heading.default\">\n\t\t\t\t<div class=\"elementor-widget-container\">\n\t\t\t\t\t<h4 class=\"elementor-heading-title elementor-size-default\">9. \u00bfD\u00f3nde puedo ver las \u00faltimos informes de Trabajo Infinito?<\/h4>\t\t\t\t<\/div>\n\t\t\t\t<\/div>\n\t\t\t\t<div class=\"elementor-element elementor-element-40579d9 elementor-widget elementor-widget-text-editor\" data-id=\"40579d9\" data-element_type=\"widget\" data-widget_type=\"text-editor.default\">\n\t\t\t\t<div class=\"elementor-widget-container\">\n\t\t\t\t\t\t\t\t\t<p>Youtube: <a href=\"https:\/\/www.youtube.com\/channel\/UCFHkQRcfqzeCl-ZY3pA_Fxw\">Clic aqu\u00ed<\/a><\/p><p>Instagram: <a href=\"https:\/\/www.instagram.com\/trabajamosparatufuturo\/\">Clic aqu\u00ed<\/a><\/p><p>Tic tok: <a href=\"https:\/\/www.tiktok.com\/@trabajoinfinitooficial?lang=es\">Clic aqu\u00ed<\/a><\/p>\t\t\t\t\t\t\t\t<\/div>\n\t\t\t\t<\/div>\n\t\t\t\t<div class=\"elementor-element elementor-element-249c02d elementor-widget elementor-widget-heading\" data-id=\"249c02d\" data-element_type=\"widget\" data-widget_type=\"heading.default\">\n\t\t\t\t<div class=\"elementor-widget-container\">\n\t\t\t\t\t<h4 class=\"elementor-heading-title elementor-size-default\">10. Como profesional, \u00bfpuedo mostrar mi marca y productos si estoy suscrito gratis?<\/h4>\t\t\t\t<\/div>\n\t\t\t\t<\/div>\n\t\t\t\t<div class=\"elementor-element elementor-element-84394c7 elementor-widget elementor-widget-heading\" data-id=\"84394c7\" data-element_type=\"widget\" data-widget_type=\"heading.default\">\n\t\t\t\t<div class=\"elementor-widget-container\">\n\t\t\t\t\t<p class=\"elementor-heading-title elementor-size-default\">No, como profesional no puedes mostrar tu marca y productos en la p\u00e1gina web de b\u00fasqueda de trabajo si est\u00e1s suscrito gratis. \nSin embargo, en la p\u00e1gina puedes pagar un plus para agregar tu marca y nuevos productos que vaya sacando tu empresa. \nEsto te permite promocionar tus productos y servicios a un p\u00fablico m\u00e1s amplio.<\/p>\t\t\t\t<\/div>\n\t\t\t\t<\/div>\n\t\t\t\t<div class=\"elementor-element elementor-element-47f5625 elementor-widget elementor-widget-heading\" data-id=\"47f5625\" data-element_type=\"widget\" data-widget_type=\"heading.default\">\n\t\t\t\t<div class=\"elementor-widget-container\">\n\t\t\t\t\t<h4 class=\"elementor-heading-title elementor-size-default\">11. Como empresa \u00bfpuedo mostrar mi marca y productos si estoy suscrito gratis?<\/h4>\t\t\t\t<\/div>\n\t\t\t\t<\/div>\n\t\t\t\t<div class=\"elementor-element elementor-element-b6b7e59 elementor-widget elementor-widget-heading\" data-id=\"b6b7e59\" data-element_type=\"widget\" data-widget_type=\"heading.default\">\n\t\t\t\t<div class=\"elementor-widget-container\">\n\t\t\t\t\t<p class=\"elementor-heading-title elementor-size-default\">No, como empresa no puedes mostrar tu marca y productos en la p\u00e1gina web de b\u00fasqueda de trabajo si est\u00e1s suscrito gratis. \nSin embargo, en la p\u00e1gina puedes pagar un plus para agregar tu marca y nuevos productos que vaya sacando tu empresa. \nEsto te permite promocionar tus productos y servicios a un p\u00fablico m\u00e1s amplio.<\/p>\t\t\t\t<\/div>\n\t\t\t\t<\/div>\n\t\t\t\t<div class=\"elementor-element elementor-element-1a53101 elementor-widget elementor-widget-heading\" data-id=\"1a53101\" data-element_type=\"widget\" data-widget_type=\"heading.default\">\n\t\t\t\t<div class=\"elementor-widget-container\">\n\t\t\t\t\t<h4 class=\"elementor-heading-title elementor-size-default\">12. \u00bfHay planes de financiacion?<\/h4>\t\t\t\t<\/div>\n\t\t\t\t<\/div>\n\t\t\t\t<div class=\"elementor-element elementor-element-89b46b5 elementor-widget elementor-widget-heading\" data-id=\"89b46b5\" data-element_type=\"widget\" data-widget_type=\"heading.default\">\n\t\t\t\t<div class=\"elementor-widget-container\">\n\t\t\t\t\t<p class=\"elementor-heading-title elementor-size-default\">No, en general no hay planes de financiaci\u00f3n en la p\u00e1gina web de b\u00fasqueda de trabajo. Sin embargo, esta p\u00e1ginas tiene un precio muy accesible para que todos puedan estar conectados en la comunidad de trabajoinfinito y aprovechar sus servicios para encontrar trabajo o contratar profesionales. <\/p>\t\t\t\t<\/div>\n\t\t\t\t<\/div>\n\t\t\t\t<div class=\"elementor-element elementor-element-6f7acc9 elementor-widget elementor-widget-heading\" data-id=\"6f7acc9\" data-element_type=\"widget\" data-widget_type=\"heading.default\">\n\t\t\t\t<div class=\"elementor-widget-container\">\n\t\t\t\t\t<h4 class=\"elementor-heading-title elementor-size-default\">13. \u00bfQu\u00e9 pasa si pierdo mi clave de Acceso o usuario?<\/h4>\t\t\t\t<\/div>\n\t\t\t\t<\/div>\n\t\t\t\t<div class=\"elementor-element elementor-element-47e99dd elementor-widget elementor-widget-heading\" data-id=\"47e99dd\" data-element_type=\"widget\" data-widget_type=\"heading.default\">\n\t\t\t\t<div class=\"elementor-widget-container\">\n\t\t\t\t\t<p class=\"elementor-heading-title elementor-size-default\">Guarda bien la clave y usuario, Si pierdes tu clave de acceso o usuario a una p\u00e1gina web de b\u00fasqueda de trabajo, no te preocupes. La p\u00e1gina tienen opciones para recuperar tu cuenta. Por lo general, puedes solicitar que te env\u00eden un enlace para restablecer tu contrase\u00f1a a tu correo electr\u00f3nico registrado o responder a algunas preguntas de seguridad para verificar tu identidad.<\/p>\t\t\t\t<\/div>\n\t\t\t\t<\/div>\n\t\t\t\t<div class=\"elementor-element elementor-element-9f5361c elementor-widget elementor-widget-heading\" data-id=\"9f5361c\" data-element_type=\"widget\" data-widget_type=\"heading.default\">\n\t\t\t\t<div class=\"elementor-widget-container\">\n\t\t\t\t\t<h4 class=\"elementor-heading-title elementor-size-default\">14. \u00bfC\u00f3mo trabaja la geolocalizaci\u00f3n?<\/h4>\t\t\t\t<\/div>\n\t\t\t\t<\/div>\n\t\t\t\t<div class=\"elementor-element elementor-element-3d32fef elementor-widget elementor-widget-heading\" data-id=\"3d32fef\" data-element_type=\"widget\" data-widget_type=\"heading.default\">\n\t\t\t\t<div class=\"elementor-widget-container\">\n\t\t\t\t\t<p class=\"elementor-heading-title elementor-size-default\">La geolocalizaci\u00f3n en una p\u00e1gina web te permite compartir tu ubicaci\u00f3n con sitios web de confianza. La latitud y longitud est\u00e1n disponibles para JavaScript en la p\u00e1gina, que a su vez puede enviarla de vuelta al servidor web remoto y hacer cosas sofisticadas basadas en la ubicaci\u00f3n, como encontrar negocios locales o mostrar tu ubicaci\u00f3n en un mapa.\n\nPara que una p\u00e1gina web pueda acceder a tu ubicaci\u00f3n geogr\u00e1fica, debes permitir que el sitio web acceda a esta informaci\u00f3n. Esto se hace a trav\u00e9s de un mensaje emergente que te pregunta si deseas compartir tu ubicaci\u00f3n con el sitio web. Si aceptas, el sitio web podr\u00e1 utilizar tu ubicaci\u00f3n para ofrecerte contenido y servicios personalizados basados en tu ubicaci\u00f3n.<\/p>\t\t\t\t<\/div>\n\t\t\t\t<\/div>\n\t\t\t\t\t<\/div>\n\t\t<\/div>\n\t\t\t\t\t<\/div>\n\t\t<\/section>\n\t\t\t\t<\/div>","protected":false},"excerpt":{"rendered":"<p>Preguntas Frecuentes 1. \u00bfPuedo suscribirme gratis como candidato? S\u00ed, puedes suscribirte gratis como candidato. Esto te permite crear un perfil y subir tu curr\u00edculum para que los empleadores puedan encontrarte. Tambi\u00e9n puedes buscar y postularte a ofertas de trabajo que se ajusten a tus habilidades y experiencia. 2. \u00bfPuedo suscribirme gratis como profesional? S\u00ed, puedes [&hellip;]<\/p>","protected":false},"author":3,"featured_media":0,"parent":0,"menu_order":0,"comment_status":"closed","ping_status":"closed","template":"","meta":{"footnotes":""},"class_list":["post-6987","page","type-page","status-publish","hentry"],"yoast_head":"<!-- This site is optimized with the Yoast SEO plugin v23.3 - https:\/\/yoast.com\/wordpress\/plugins\/seo\/ -->\n<title>Preguntas Frecuentes - Trabajo Infinito<\/title>\n<meta name=\"description\" content=\"Preguntas Frecuentes - Trabajo Infinito - Busc\u00e1 trabajo en esta bolsa de empleo digital y encontr\u00e1 las mejores oportunidades en tu \u00e1rea!\" \/>\n<meta name=\"robots\" content=\"index, follow, max-snippet:-1, max-image-preview:large, max-video-preview:-1\" \/>\n<link rel=\"canonical\" href=\"https:\/\/trabajoinfinito.com\/es\/preguntas-frecuentes\/\" \/>\n<meta property=\"og:locale\" content=\"es_ES\" \/>\n<meta property=\"og:type\" content=\"article\" \/>\n<meta property=\"og:title\" content=\"Preguntas Frecuentes - Trabajo Infinito\" \/>\n<meta property=\"og:description\" content=\"Preguntas Frecuentes - Trabajo Infinito - Busc\u00e1 trabajo en esta bolsa de empleo digital y encontr\u00e1 las mejores oportunidades en tu \u00e1rea!\" \/>\n<meta property=\"og:url\" content=\"https:\/\/trabajoinfinito.com\/es\/preguntas-frecuentes\/\" \/>\n<meta property=\"og:site_name\" content=\"Trabajo Infinito\" \/>\n<meta property=\"article:modified_time\" content=\"2023-05-12T22:19:55+00:00\" \/>\n<meta name=\"twitter:card\" content=\"summary_large_image\" \/>\n<meta name=\"twitter:label1\" content=\"Tiempo de lectura\" \/>\n\t<meta name=\"twitter:data1\" content=\"4 minutos\" \/>\n<script type=\"application\/ld+json\" class=\"yoast-schema-graph\">{\"@context\":\"https:\/\/schema.org\",\"@graph\":[{\"@type\":\"WebPage\",\"@id\":\"https:\/\/trabajoinfinito.com\/preguntas-frecuentes\/\",\"url\":\"https:\/\/trabajoinfinito.com\/preguntas-frecuentes\/\",\"name\":\"Preguntas Frecuentes - Trabajo Infinito\",\"isPartOf\":{\"@id\":\"http:\/\/trabajoinfinito.com\/#website\"},\"datePublished\":\"2023-05-03T10:57:30+00:00\",\"dateModified\":\"2023-05-12T22:19:55+00:00\",\"description\":\"Preguntas Frecuentes - Trabajo Infinito - Busc\u00e1 trabajo en esta bolsa de empleo digital y encontr\u00e1 las mejores oportunidades en tu \u00e1rea!\",\"breadcrumb\":{\"@id\":\"https:\/\/trabajoinfinito.com\/preguntas-frecuentes\/#breadcrumb\"},\"inLanguage\":\"es-AR\",\"potentialAction\":[{\"@type\":\"ReadAction\",\"target\":[\"https:\/\/trabajoinfinito.com\/preguntas-frecuentes\/\"]}]},{\"@type\":\"BreadcrumbList\",\"@id\":\"https:\/\/trabajoinfinito.com\/preguntas-frecuentes\/#breadcrumb\",\"itemListElement\":[{\"@type\":\"ListItem\",\"position\":1,\"name\":\"Inicio\",\"item\":\"https:\/\/trabajoinfinito.com\/\"},{\"@type\":\"ListItem\",\"position\":2,\"name\":\"Preguntas Frecuentes\"}]},{\"@type\":\"WebSite\",\"@id\":\"http:\/\/trabajoinfinito.com\/#website\",\"url\":\"http:\/\/trabajoinfinito.com\/\",\"name\":\"Trabajo Infinito\",\"description\":\"\",\"publisher\":{\"@id\":\"http:\/\/trabajoinfinito.com\/#organization\"},\"potentialAction\":[{\"@type\":\"SearchAction\",\"target\":{\"@type\":\"EntryPoint\",\"urlTemplate\":\"http:\/\/trabajoinfinito.com\/?s={search_term_string}\"},\"query-input\":\"required name=search_term_string\"}],\"inLanguage\":\"es-AR\"},{\"@type\":\"Organization\",\"@id\":\"http:\/\/trabajoinfinito.com\/#organization\",\"name\":\"Trabajo Infinito\",\"url\":\"http:\/\/trabajoinfinito.com\/\",\"logo\":{\"@type\":\"ImageObject\",\"inLanguage\":\"es-AR\",\"@id\":\"http:\/\/trabajoinfinito.com\/#\/schema\/logo\/image\/\",\"url\":\"https:\/\/trabajoinfinito.com\/wp-content\/uploads\/2023\/04\/Logo-3D-para-fondo-claro-e1681124952287.png\",\"contentUrl\":\"https:\/\/trabajoinfinito.com\/wp-content\/uploads\/2023\/04\/Logo-3D-para-fondo-claro-e1681124952287.png\",\"width\":1559,\"height\":846,\"caption\":\"Trabajo Infinito\"},\"image\":{\"@id\":\"http:\/\/trabajoinfinito.com\/#\/schema\/logo\/image\/\"}}]}<\/script>\n<!-- \/ Yoast SEO plugin. -->","yoast_head_json":{"title":"Preguntas Frecuentes - Trabajo Infinito","description":"Preguntas Frecuentes - Trabajo Infinito - Busc\u00e1 trabajo en esta bolsa de empleo digital y encontr\u00e1 las mejores oportunidades en tu \u00e1rea!","robots":{"index":"index","follow":"follow","max-snippet":"max-snippet:-1","max-image-preview":"max-image-preview:large","max-video-preview":"max-video-preview:-1"},"canonical":"https:\/\/trabajoinfinito.com\/es\/preguntas-frecuentes\/","og_locale":"es_ES","og_type":"article","og_title":"Preguntas Frecuentes - Trabajo Infinito","og_description":"Preguntas Frecuentes - Trabajo Infinito - Busc\u00e1 trabajo en esta bolsa de empleo digital y encontr\u00e1 las mejores oportunidades en tu \u00e1rea!","og_url":"https:\/\/trabajoinfinito.com\/es\/preguntas-frecuentes\/","og_site_name":"Trabajo Infinito","article_modified_time":"2023-05-12T22:19:55+00:00","twitter_card":"summary_large_image","twitter_misc":{"Tiempo de lectura":"4 minutos"},"schema":{"@context":"https:\/\/schema.org","@graph":[{"@type":"WebPage","@id":"https:\/\/trabajoinfinito.com\/preguntas-frecuentes\/","url":"https:\/\/trabajoinfinito.com\/preguntas-frecuentes\/","name":"Preguntas Frecuentes - Trabajo Infinito","isPartOf":{"@id":"http:\/\/trabajoinfinito.com\/#website"},"datePublished":"2023-05-03T10:57:30+00:00","dateModified":"2023-05-12T22:19:55+00:00","description":"Preguntas Frecuentes - Trabajo Infinito - Busc\u00e1 trabajo en esta bolsa de empleo digital y encontr\u00e1 las mejores oportunidades en tu \u00e1rea!","breadcrumb":{"@id":"https:\/\/trabajoinfinito.com\/preguntas-frecuentes\/#breadcrumb"},"inLanguage":"es-AR","potentialAction":[{"@type":"ReadAction","target":["https:\/\/trabajoinfinito.com\/preguntas-frecuentes\/"]}]},{"@type":"BreadcrumbList","@id":"https:\/\/trabajoinfinito.com\/preguntas-frecuentes\/#breadcrumb","itemListElement":[{"@type":"ListItem","position":1,"name":"Inicio","item":"https:\/\/trabajoinfinito.com\/"},{"@type":"ListItem","position":2,"name":"Preguntas Frecuentes"}]},{"@type":"WebSite","@id":"http:\/\/trabajoinfinito.com\/#website","url":"http:\/\/trabajoinfinito.com\/","name":"Trabajo Infinito","description":"","publisher":{"@id":"http:\/\/trabajoinfinito.com\/#organization"},"potentialAction":[{"@type":"SearchAction","target":{"@type":"EntryPoint","urlTemplate":"http:\/\/trabajoinfinito.com\/?s={search_term_string}"},"query-input":"required name=search_term_string"}],"inLanguage":"es-AR"},{"@type":"Organization","@id":"http:\/\/trabajoinfinito.com\/#organization","name":"Trabajo Infinito","url":"http:\/\/trabajoinfinito.com\/","logo":{"@type":"ImageObject","inLanguage":"es-AR","@id":"http:\/\/trabajoinfinito.com\/#\/schema\/logo\/image\/","url":"https:\/\/trabajoinfinito.com\/wp-content\/uploads\/2023\/04\/Logo-3D-para-fondo-claro-e1681124952287.png","contentUrl":"https:\/\/trabajoinfinito.com\/wp-content\/uploads\/2023\/04\/Logo-3D-para-fondo-claro-e1681124952287.png","width":1559,"height":846,"caption":"Trabajo Infinito"},"image":{"@id":"http:\/\/trabajoinfinito.com\/#\/schema\/logo\/image\/"}}]}},"_links":{"self":[{"href":"https:\/\/trabajoinfinito.com\/es\/wp-json\/wp\/v2\/pages\/6987","targetHints":{"allow":["GET"]}}],"collection":[{"href":"https:\/\/trabajoinfinito.com\/es\/wp-json\/wp\/v2\/pages"}],"about":[{"href":"https:\/\/trabajoinfinito.com\/es\/wp-json\/wp\/v2\/types\/page"}],"author":[{"embeddable":true,"href":"https:\/\/trabajoinfinito.com\/es\/wp-json\/wp\/v2\/users\/3"}],"replies":[{"embeddable":true,"href":"https:\/\/trabajoinfinito.com\/es\/wp-json\/wp\/v2\/comments?post=6987"}],"version-history":[{"count":0,"href":"https:\/\/trabajoinfinito.com\/es\/wp-json\/wp\/v2\/pages\/6987\/revisions"}],"wp:attachment":[{"href":"https:\/\/trabajoinfinito.com\/es\/wp-json\/wp\/v2\/media?parent=6987"}],"curies":[{"name":"wp","href":"https:\/\/api.w.org\/{rel}","templated":true}]}}