{"id":88,"date":"2020-05-07T10:42:22","date_gmt":"2020-05-07T10:42:22","guid":{"rendered":"https:\/\/cariera.co\/new\/?page_id=88"},"modified":"2023-05-12T11:58:30","modified_gmt":"2023-05-12T11:58:30","slug":"empleos","status":"publish","type":"page","link":"https:\/\/trabajoinfinito.com\/es\/empleos\/","title":{"rendered":"Empleos"},"content":{"rendered":"<div data-elementor-type=\"wp-page\" data-elementor-id=\"88\" class=\"elementor elementor-88\">\n\t\t\t\t\t\t<section class=\"elementor-section elementor-top-section elementor-element elementor-element-4617ed9 elementor-section-stretched elementor-section-full_width elementor-section-height-default elementor-section-height-default\" data-id=\"4617ed9\" data-element_type=\"section\" data-settings=\"{&quot;stretch_section&quot;:&quot;section-stretched&quot;}\">\n\t\t\t\t\t\t<div class=\"elementor-container elementor-column-gap-no\">\n\t\t\t\t\t<div class=\"elementor-column elementor-col-100 elementor-top-column elementor-element elementor-element-ab0b454\" data-id=\"ab0b454\" data-element_type=\"column\">\n\t\t\t<div class=\"elementor-widget-wrap elementor-element-populated\">\n\t\t\t\t\t\t<div class=\"elementor-element elementor-element-5f20156 elementor-widget elementor-widget-listing_map\" data-id=\"5f20156\" data-element_type=\"widget\" data-widget_type=\"listing_map.default\">\n\t\t\t\t<div class=\"elementor-widget-container\">\n\t\t\t\t\t<div id=\"map-container\" class=\"\"><div id=\"cariera-map\" style=\"height:450px\" ><\/div><\/div>\t\t\t\t<\/div>\n\t\t\t\t<\/div>\n\t\t\t\t\t<\/div>\n\t\t<\/div>\n\t\t\t\t\t<\/div>\n\t\t<\/section>\n\t\t\t\t<section class=\"elementor-section elementor-top-section elementor-element elementor-element-fa05de1 elementor-section-boxed elementor-section-height-default elementor-section-height-default\" data-id=\"fa05de1\" data-element_type=\"section\">\n\t\t\t\t\t\t<div class=\"elementor-container elementor-column-gap-default\">\n\t\t\t\t\t<div class=\"elementor-column elementor-col-100 elementor-top-column elementor-element elementor-element-b388a82\" data-id=\"b388a82\" data-element_type=\"column\">\n\t\t\t<div class=\"elementor-widget-wrap elementor-element-populated\">\n\t\t\t\t\t\t<div class=\"elementor-element elementor-element-289cb4c elementor-widget elementor-widget-job_board\" data-id=\"289cb4c\" data-element_type=\"widget\" data-widget_type=\"job_board.default\">\n\t\t\t\t<div class=\"elementor-widget-container\">\n\t\t\t\t\t<div class=\"job_listings\" data-job_layout=\"_list\" data-job_version=\"1\" data-location=\"\" data-keywords=\"\" data-show_filters=\"true\" data-show_pagination=\"false\" data-per_page=\"10\" data-orderby=\"featured\" data-order=\"DESC\" data-categories=\"\" data-disable-form-state-storage=\"\" data-post_id=\"88\" >\r\n<form class=\"job_filters\" action=\"\">\r\n\t\r\n\t<div class=\"search_jobs\">\r\n\t\t\r\n\t\t<div class=\"search_keywords\">\r\n\t\t\t<label for=\"search_keywords\">Palabra clave<\/label>\r\n\t\t\t<input type=\"text\" name=\"search_keywords\" id=\"search_keywords\" placeholder=\"Palabra clave\" value=\"\" \/>\r\n\t\t<\/div>\r\n\r\n\t\t<div class=\"search_location\">\r\n\t\t\t<label for=\"search_location\">Localidad<\/label>\r\n\t\t\t<input type=\"text\" name=\"search_location\" id=\"search_location\" placeholder=\"Localidad\" value=\"\" \/>\r\n\t\t\t<div class=\"geolocation\"><i class=\"geolocate\"><\/i><\/div>\r\n\t\t<\/div>\r\n\r\n\t\t\t\t\t<div class=\"search_remote_position checkbox\">\r\n\t\t\t\t<input type=\"checkbox\" class=\"input-checkbox\" name=\"remote_position\" id=\"remote_position\" placeholder=\"Localidad\" value=\"1\"  \/>\r\n\t\t\t\t<label for=\"remote_position\" id=\"remote_position_label\">Solo empleo remoto<\/label>\r\n\t\t\t<\/div>\r\n\t\t\r\n\t\t\r\n\t\t<!-- <div style=\"clear: both\"><\/div> -->\r\n\r\n\t\t\t\t\t<div class=\"search_categories\">\r\n\t\t\t\t<label for=\"search_categories\">Categor\u00eda<\/label>\r\n\t\t\t\t\t\t\t\t\t<select name='search_categories[]' id='search_categories' class='cariera-select2-search'  data-placeholder='Choose a category&hellip;' data-no_results_text='No results match' data-multiple_text='Select Some Options'>\n<option value=\"\">Any category<\/option>\t<option class=\"level-0\" value=\"469\">Abastecimiento<\/option>\n\t<option class=\"level-0\" value=\"56\">Administraci\u00f3n<\/option>\n\t<option class=\"level-0\" value=\"464\">Atenci\u00f3n al cliente<\/option>\n\t<option class=\"level-0\" value=\"142\">Comercial, ventas y negocios<\/option>\n\t<option class=\"level-0\" value=\"473\">Comunicaci\u00f3n y relaciones institucionales<\/option>\n\t<option class=\"level-0\" value=\"470\">Departamento t\u00e9cnico en seguridad<\/option>\n\t<option class=\"level-0\" value=\"70\">Dise\u00f1o<\/option>\n\t<option class=\"level-0\" value=\"156\">Educaci\u00f3n \/ investigaci\u00f3n<\/option>\n\t<option class=\"level-0\" value=\"465\">Gastronom\u00eda<\/option>\n\t<option class=\"level-0\" value=\"474\">Gerencia<\/option>\n\t<option class=\"level-0\" value=\"476\">Ingenier\u00eda<\/option>\n\t<option class=\"level-0\" value=\"475\">Ingenier\u00eda civil y construcci\u00f3n<\/option>\n\t<option class=\"level-0\" value=\"466\">Legales<\/option>\n\t<option class=\"level-0\" value=\"117\">Marketing y publicidad<\/option>\n\t<option class=\"level-0\" value=\"481\">Miner\u00eda, petr\u00f3leo y gas<\/option>\n\t<option class=\"level-0\" value=\"482\">Naviero, mar\u00edtimo, portuario<\/option>\n\t<option class=\"level-0\" value=\"138\">Oficios<\/option>\n\t<option class=\"level-0\" value=\"471\">Producci\u00f3n y manufactura<\/option>\n\t<option class=\"level-0\" value=\"114\">Recursos humanos<\/option>\n\t<option class=\"level-0\" value=\"487\">Rural<\/option>\n\t<option class=\"level-0\" value=\"97\">Salud<\/option>\n\t<option class=\"level-0\" value=\"472\">Secretaria y recepci\u00f3n<\/option>\n\t<option class=\"level-0\" value=\"468\">Seguros<\/option>\n\t<option class=\"level-0\" value=\"105\">Tecnolog\u00eda, Sistemas y Telecomunicaciones<\/option>\n\t<option class=\"level-0\" value=\"467\">Turismo<\/option>\n<\/select>\n\t\t\t\t\t\t\t<\/div>\r\n\t\t\r\n\t\t<div class=\"advanced-search-btn\"><a href=\"#\" id=\"advance-search\">B\u00fasqueda avanzada<\/a><\/div><div class=\"advanced-search-filters\">\t\t\t<div class=\"search_salary_min\">\r\n\t\t\t\t<label for=\"search_salary_min\">Salario m\u00ednimo<\/label>\r\n\t\t\t\t<input type=\"text\" class=\"job-manager-filter\" name=\"search_salary_min\" placeholder=\"Buscar salario m\u00ednimo\">\r\n\t\t\t<\/div>\r\n\r\n\t\t\t<div class=\"search_salary_max\">\r\n\t\t\t\t<label for=\"search_salary_max\">Salario m\u00e1ximo<\/label>\r\n\t\t\t\t<input type=\"text\" class=\"job-manager-filter\" name=\"search_salary_max\" placeholder=\"Buscar salario m\u00e1ximo\">\r\n\t\t\t<\/div>\r\n\t\t\t\t\t\t<div class=\"search_rate_min\">\r\n\t\t\t\t<label for=\"search_rate_min\">Cantidad m\u00ednima<\/label>\r\n\t\t\t\t<input type=\"text\" class=\"job-manager-filter\" name=\"search_rate_min\" placeholder=\"Buscar tarifa m\u00ednima\">\r\n\t\t\t<\/div>\r\n\r\n\t\t\t<div class=\"search_rate_max\">\r\n\t\t\t\t<label for=\"search_rate_max\">Cantidad m\u00e1xima<\/label>\r\n\t\t\t\t<input type=\"text\" class=\"job-manager-filter\" name=\"search_rate_max\" placeholder=\"Buscar tarifa m\u00e1xima\">\r\n\t\t\t<\/div>\r\n\t\t\t<\/div><div class=\"filter_wide filter_by_tag\">Filter by tag: <span class=\"filter_by_tag_cloud\"><\/span><\/div>\r\n\r\n\t\t\t<\/div>\r\n\r\n\t\r\n\t<ul class=\"job_types\">\r\n\t\t\t\t\t<li>\r\n\t\t\t\t<div class=\"checkbox\">\r\n\t\t\t\t\t<input type=\"checkbox\" name=\"filter_job_type[]\" value=\"freelance\"  checked='checked' id=\"job_type_freelance\" \/>\r\n\t\t\t\t\t<label for=\"job_type_freelance\" class=\"job_type_label freelance\">Freelance<\/label>\r\n\t\t\t\t<\/div>\r\n\t\t\t<\/li>\r\n\t\t\t\t\t<li>\r\n\t\t\t\t<div class=\"checkbox\">\r\n\t\t\t\t\t<input type=\"checkbox\" name=\"filter_job_type[]\" value=\"full-time\"  checked='checked' id=\"job_type_full-time\" \/>\r\n\t\t\t\t\t<label for=\"job_type_full-time\" class=\"job_type_label full-time\">Full Time<\/label>\r\n\t\t\t\t<\/div>\r\n\t\t\t<\/li>\r\n\t\t\t\t\t<li>\r\n\t\t\t\t<div class=\"checkbox\">\r\n\t\t\t\t\t<input type=\"checkbox\" name=\"filter_job_type[]\" value=\"part-time\"  checked='checked' id=\"job_type_part-time\" \/>\r\n\t\t\t\t\t<label for=\"job_type_part-time\" class=\"job_type_label part-time\">Part Time<\/label>\r\n\t\t\t\t<\/div>\r\n\t\t\t<\/li>\r\n\t\t\t\t\t<li>\r\n\t\t\t\t<div class=\"checkbox\">\r\n\t\t\t\t\t<input type=\"checkbox\" name=\"filter_job_type[]\" value=\"pasantia\"  checked='checked' id=\"job_type_pasantia\" \/>\r\n\t\t\t\t\t<label for=\"job_type_pasantia\" class=\"job_type_label pasantia\">Pasant\u00eda<\/label>\r\n\t\t\t\t<\/div>\r\n\t\t\t<\/li>\r\n\t\t\t\t\t<li>\r\n\t\t\t\t<div class=\"checkbox\">\r\n\t\t\t\t\t<input type=\"checkbox\" name=\"filter_job_type[]\" value=\"provisional\"  checked='checked' id=\"job_type_provisional\" \/>\r\n\t\t\t\t\t<label for=\"job_type_provisional\" class=\"job_type_label provisional\">Provisional<\/label>\r\n\t\t\t\t<\/div>\r\n\t\t\t<\/li>\r\n\t\t\t<\/ul>\r\n\t<input type=\"hidden\" name=\"filter_job_type[]\" value=\"\" \/>\r\n<div class=\"showing_jobs\"><\/div><input type=\"hidden\" name=\"trp-form-language\" value=\"es\"\/><\/form>\r\n\r\n\r\n<noscript>Your browser does not support JavaScript, or it is disabled. JavaScript must be enabled in order to view listings.<\/noscript>\r\n<ul class=\"job_listings job-listings-main job_list row\"><\/ul>\r\n\r\n<!-- Listing Loader -->\r\n<div class=\"listing-loader\"><div><\/div><\/div><div class=\"col-md-12 text-center\"><a class=\"load_more_jobs btn btn-main btn-effect mt40\" href=\"#\" style=\"display:none;\">Ver m\u00e1s<\/a><\/div><\/div>\t\t\t\t<\/div>\n\t\t\t\t<\/div>\n\t\t\t\t\t<\/div>\n\t\t<\/div>\n\t\t\t\t\t<\/div>\n\t\t<\/section>\n\t\t\t\t<\/div>","protected":false},"excerpt":{"rendered":"<p>Palabra clave Localidad Solo empleo remoto Categor\u00eda Cualquier categor\u00eda Arte &amp; Dise\u00f1oBancarioCuidado de la saludDocenteGesti\u00f3n de empresasIngenier\u00eda en SistemasInmobiliariaMarketingVentas B\u00fasqueda avanzada Salario m\u00ednimo Salario m\u00e1ximo Cantidad m\u00ednima Cantidad m\u00e1xima Filtrar por etiqueta: Freelance Full Time Part Time Pasant\u00eda Provisional Su navegador no es compatible con JavaScript o est\u00e1 deshabilitado. JavaScript debe estar habilitado para ver [&hellip;]<\/p>","protected":false},"author":3,"featured_media":0,"parent":0,"menu_order":0,"comment_status":"closed","ping_status":"closed","template":"","meta":{"footnotes":""},"class_list":["post-88","page","type-page","status-publish","hentry"],"yoast_head":"<!-- This site is optimized with the Yoast SEO plugin v23.3 - https:\/\/yoast.com\/wordpress\/plugins\/seo\/ -->\n<title>Empleos - Trabajo Infinito<\/title>\n<meta name=\"description\" content=\"Empleos - Trabajo Infinito - Busc\u00e1 trabajo en esta bolsa de empleo digital y encontr\u00e1 las mejores oportunidades en tu \u00e1rea profesional.\" \/>\n<meta name=\"robots\" content=\"index, follow, max-snippet:-1, max-image-preview:large, max-video-preview:-1\" \/>\n<link rel=\"canonical\" href=\"https:\/\/trabajoinfinito.com\/es\/empleos\/\" \/>\n<meta property=\"og:locale\" content=\"es_ES\" \/>\n<meta property=\"og:type\" content=\"article\" \/>\n<meta property=\"og:title\" content=\"Empleos - Trabajo Infinito\" \/>\n<meta property=\"og:description\" content=\"Empleos - Trabajo Infinito - Busc\u00e1 trabajo en esta bolsa de empleo digital y encontr\u00e1 las mejores oportunidades en tu \u00e1rea profesional.\" \/>\n<meta property=\"og:url\" content=\"https:\/\/trabajoinfinito.com\/es\/empleos\/\" \/>\n<meta property=\"og:site_name\" content=\"Trabajo Infinito\" \/>\n<meta property=\"article:modified_time\" content=\"2023-05-12T11:58:30+00:00\" \/>\n<meta name=\"twitter:card\" content=\"summary_large_image\" \/>\n<meta name=\"twitter:label1\" content=\"Tiempo de lectura\" \/>\n\t<meta name=\"twitter:data1\" content=\"1 minuto\" \/>\n<script type=\"application\/ld+json\" class=\"yoast-schema-graph\">{\"@context\":\"https:\/\/schema.org\",\"@graph\":[{\"@type\":\"WebPage\",\"@id\":\"https:\/\/trabajoinfinito.com\/empleos\/\",\"url\":\"https:\/\/trabajoinfinito.com\/empleos\/\",\"name\":\"Empleos - Trabajo Infinito\",\"isPartOf\":{\"@id\":\"http:\/\/trabajoinfinito.com\/#website\"},\"datePublished\":\"2020-05-07T10:42:22+00:00\",\"dateModified\":\"2023-05-12T11:58:30+00:00\",\"description\":\"Empleos - Trabajo Infinito - Busc\u00e1 trabajo en esta bolsa de empleo digital y encontr\u00e1 las mejores oportunidades en tu \u00e1rea profesional.\",\"breadcrumb\":{\"@id\":\"https:\/\/trabajoinfinito.com\/empleos\/#breadcrumb\"},\"inLanguage\":\"es-AR\",\"potentialAction\":[{\"@type\":\"ReadAction\",\"target\":[\"https:\/\/trabajoinfinito.com\/empleos\/\"]}]},{\"@type\":\"BreadcrumbList\",\"@id\":\"https:\/\/trabajoinfinito.com\/empleos\/#breadcrumb\",\"itemListElement\":[{\"@type\":\"ListItem\",\"position\":1,\"name\":\"Inicio\",\"item\":\"https:\/\/trabajoinfinito.com\/\"},{\"@type\":\"ListItem\",\"position\":2,\"name\":\"Empleos\"}]},{\"@type\":\"WebSite\",\"@id\":\"http:\/\/trabajoinfinito.com\/#website\",\"url\":\"http:\/\/trabajoinfinito.com\/\",\"name\":\"Trabajo Infinito\",\"description\":\"\",\"publisher\":{\"@id\":\"http:\/\/trabajoinfinito.com\/#organization\"},\"potentialAction\":[{\"@type\":\"SearchAction\",\"target\":{\"@type\":\"EntryPoint\",\"urlTemplate\":\"http:\/\/trabajoinfinito.com\/?s={search_term_string}\"},\"query-input\":\"required name=search_term_string\"}],\"inLanguage\":\"es-AR\"},{\"@type\":\"Organization\",\"@id\":\"http:\/\/trabajoinfinito.com\/#organization\",\"name\":\"Trabajo Infinito\",\"url\":\"http:\/\/trabajoinfinito.com\/\",\"logo\":{\"@type\":\"ImageObject\",\"inLanguage\":\"es-AR\",\"@id\":\"http:\/\/trabajoinfinito.com\/#\/schema\/logo\/image\/\",\"url\":\"https:\/\/trabajoinfinito.com\/wp-content\/uploads\/2023\/04\/Logo-3D-para-fondo-claro-e1681124952287.png\",\"contentUrl\":\"https:\/\/trabajoinfinito.com\/wp-content\/uploads\/2023\/04\/Logo-3D-para-fondo-claro-e1681124952287.png\",\"width\":1559,\"height\":846,\"caption\":\"Trabajo Infinito\"},\"image\":{\"@id\":\"http:\/\/trabajoinfinito.com\/#\/schema\/logo\/image\/\"}}]}<\/script>\n<!-- \/ Yoast SEO plugin. -->","yoast_head_json":{"title":"Empleos - Trabajo Infinito","description":"Empleos - Trabajo Infinito - Busc\u00e1 trabajo en esta bolsa de empleo digital y encontr\u00e1 las mejores oportunidades en tu \u00e1rea profesional.","robots":{"index":"index","follow":"follow","max-snippet":"max-snippet:-1","max-image-preview":"max-image-preview:large","max-video-preview":"max-video-preview:-1"},"canonical":"https:\/\/trabajoinfinito.com\/es\/empleos\/","og_locale":"es_ES","og_type":"article","og_title":"Empleos - Trabajo Infinito","og_description":"Empleos - Trabajo Infinito - Busc\u00e1 trabajo en esta bolsa de empleo digital y encontr\u00e1 las mejores oportunidades en tu \u00e1rea profesional.","og_url":"https:\/\/trabajoinfinito.com\/es\/empleos\/","og_site_name":"Trabajo Infinito","article_modified_time":"2023-05-12T11:58:30+00:00","twitter_card":"summary_large_image","twitter_misc":{"Tiempo de lectura":"1 minuto"},"schema":{"@context":"https:\/\/schema.org","@graph":[{"@type":"WebPage","@id":"https:\/\/trabajoinfinito.com\/empleos\/","url":"https:\/\/trabajoinfinito.com\/empleos\/","name":"Empleos - Trabajo Infinito","isPartOf":{"@id":"http:\/\/trabajoinfinito.com\/#website"},"datePublished":"2020-05-07T10:42:22+00:00","dateModified":"2023-05-12T11:58:30+00:00","description":"Empleos - Trabajo Infinito - Busc\u00e1 trabajo en esta bolsa de empleo digital y encontr\u00e1 las mejores oportunidades en tu \u00e1rea profesional.","breadcrumb":{"@id":"https:\/\/trabajoinfinito.com\/empleos\/#breadcrumb"},"inLanguage":"es-AR","potentialAction":[{"@type":"ReadAction","target":["https:\/\/trabajoinfinito.com\/empleos\/"]}]},{"@type":"BreadcrumbList","@id":"https:\/\/trabajoinfinito.com\/empleos\/#breadcrumb","itemListElement":[{"@type":"ListItem","position":1,"name":"Inicio","item":"https:\/\/trabajoinfinito.com\/"},{"@type":"ListItem","position":2,"name":"Empleos"}]},{"@type":"WebSite","@id":"http:\/\/trabajoinfinito.com\/#website","url":"http:\/\/trabajoinfinito.com\/","name":"Trabajo Infinito","description":"","publisher":{"@id":"http:\/\/trabajoinfinito.com\/#organization"},"potentialAction":[{"@type":"SearchAction","target":{"@type":"EntryPoint","urlTemplate":"http:\/\/trabajoinfinito.com\/?s={search_term_string}"},"query-input":"required name=search_term_string"}],"inLanguage":"es-AR"},{"@type":"Organization","@id":"http:\/\/trabajoinfinito.com\/#organization","name":"Trabajo Infinito","url":"http:\/\/trabajoinfinito.com\/","logo":{"@type":"ImageObject","inLanguage":"es-AR","@id":"http:\/\/trabajoinfinito.com\/#\/schema\/logo\/image\/","url":"https:\/\/trabajoinfinito.com\/wp-content\/uploads\/2023\/04\/Logo-3D-para-fondo-claro-e1681124952287.png","contentUrl":"https:\/\/trabajoinfinito.com\/wp-content\/uploads\/2023\/04\/Logo-3D-para-fondo-claro-e1681124952287.png","width":1559,"height":846,"caption":"Trabajo Infinito"},"image":{"@id":"http:\/\/trabajoinfinito.com\/#\/schema\/logo\/image\/"}}]}},"_links":{"self":[{"href":"https:\/\/trabajoinfinito.com\/es\/wp-json\/wp\/v2\/pages\/88","targetHints":{"allow":["GET"]}}],"collection":[{"href":"https:\/\/trabajoinfinito.com\/es\/wp-json\/wp\/v2\/pages"}],"about":[{"href":"https:\/\/trabajoinfinito.com\/es\/wp-json\/wp\/v2\/types\/page"}],"author":[{"embeddable":true,"href":"https:\/\/trabajoinfinito.com\/es\/wp-json\/wp\/v2\/users\/3"}],"replies":[{"embeddable":true,"href":"https:\/\/trabajoinfinito.com\/es\/wp-json\/wp\/v2\/comments?post=88"}],"version-history":[{"count":0,"href":"https:\/\/trabajoinfinito.com\/es\/wp-json\/wp\/v2\/pages\/88\/revisions"}],"wp:attachment":[{"href":"https:\/\/trabajoinfinito.com\/es\/wp-json\/wp\/v2\/media?parent=88"}],"curies":[{"name":"wp","href":"https:\/\/api.w.org\/{rel}","templated":true}]}}