{"id":94,"date":"2020-05-07T10:43:50","date_gmt":"2020-05-07T10:43:50","guid":{"rendered":"https:\/\/cariera.co\/new\/?page_id=94"},"modified":"2023-05-13T13:54:23","modified_gmt":"2023-05-13T13:54:23","slug":"publicar-empleo","status":"publish","type":"page","link":"https:\/\/trabajoinfinito.com\/es\/publicar-empleo\/","title":{"rendered":"Publicar Empleo"},"content":{"rendered":"<form action=\"\/es\/wp-json\/wp\/v2\/pages\/94\" method=\"post\" id=\"submit-job-form\" class=\"job-manager-form\" enctype=\"multipart\/form-data\" data-trp-original-action=\"\/es\/wp-json\/wp\/v2\/pages\/94\">\r\n\r\n\t\r\n\t\r\n\t\r\n\t\t\r\n\r\n\t<fieldset class=\"fieldset-login_required\">\r\n\t\t<label class=\"account-sign-in-label\">Have an account?<\/label>\r\n\t\t<div class=\"field account-sign-in\">\r\n\r\n\t\t\t\t\t\t\t<p>You must sign in to create a new listing.<\/p>\r\n\t\t\t\r\n\t\t\t<div class=\"button-wrapper\">\r\n\t\t\t\t\t\t\t\t\t<a href=\"#login-register-popup\" class=\"popup-with-zoom-anim btn btn-main btn-effect\">\r\n\t\t\t\t\t\r\n\t\t\t\tSign in<\/a>\r\n\t\t\t<\/div>\r\n\r\n\t\t<\/div>\r\n\t<\/fieldset>\r\n\r\n\t\r\n\t\r\n\t\r\n\t\t\r\n\t<input type=\"hidden\" name=\"trp-form-language\" value=\"es\"\/><\/form>","protected":false},"excerpt":{"rendered":"","protected":false},"author":3,"featured_media":0,"parent":0,"menu_order":0,"comment_status":"closed","ping_status":"closed","template":"templates\/user-dashboard.php","meta":{"footnotes":""},"class_list":["post-94","page","type-page","status-publish","hentry"],"yoast_head":"<!-- This site is optimized with the Yoast SEO plugin v23.3 - https:\/\/yoast.com\/wordpress\/plugins\/seo\/ -->\n<title>Publicar Empleo - Trabajo Infinito<\/title>\n<meta name=\"description\" content=\"Publicar empleo - Trabajo Infinito - Busc\u00e1 trabajo en esta bolsa de empleo digital y encontr\u00e1 las mejores oportunidades en tu \u00e1rea!\" \/>\n<meta name=\"robots\" content=\"index, follow, max-snippet:-1, max-image-preview:large, max-video-preview:-1\" \/>\n<link rel=\"canonical\" href=\"https:\/\/trabajoinfinito.com\/es\/publicar-empleo\/\" \/>\n<meta property=\"og:locale\" content=\"es_ES\" \/>\n<meta property=\"og:type\" content=\"article\" \/>\n<meta property=\"og:title\" content=\"Publicar Empleo - Trabajo Infinito\" \/>\n<meta property=\"og:description\" content=\"Publicar empleo - Trabajo Infinito - Busc\u00e1 trabajo en esta bolsa de empleo digital y encontr\u00e1 las mejores oportunidades en tu \u00e1rea!\" \/>\n<meta property=\"og:url\" content=\"https:\/\/trabajoinfinito.com\/es\/publicar-empleo\/\" \/>\n<meta property=\"og:site_name\" content=\"Trabajo Infinito\" \/>\n<meta property=\"article:modified_time\" content=\"2023-05-13T13:54:23+00:00\" \/>\n<meta name=\"twitter:card\" content=\"summary_large_image\" \/>\n<meta name=\"twitter:label1\" content=\"Tiempo de lectura\" \/>\n\t<meta name=\"twitter:data1\" content=\"1 minuto\" \/>\n<script type=\"application\/ld+json\" class=\"yoast-schema-graph\">{\"@context\":\"https:\/\/schema.org\",\"@graph\":[{\"@type\":\"WebPage\",\"@id\":\"https:\/\/trabajoinfinito.com\/publicar-empleo\/\",\"url\":\"https:\/\/trabajoinfinito.com\/publicar-empleo\/\",\"name\":\"Publicar Empleo - Trabajo Infinito\",\"isPartOf\":{\"@id\":\"http:\/\/trabajoinfinito.com\/#website\"},\"datePublished\":\"2020-05-07T10:43:50+00:00\",\"dateModified\":\"2023-05-13T13:54:23+00:00\",\"description\":\"Publicar empleo - Trabajo Infinito - Busc\u00e1 trabajo en esta bolsa de empleo digital y encontr\u00e1 las mejores oportunidades en tu \u00e1rea!\",\"breadcrumb\":{\"@id\":\"https:\/\/trabajoinfinito.com\/publicar-empleo\/#breadcrumb\"},\"inLanguage\":\"es-AR\",\"potentialAction\":[{\"@type\":\"ReadAction\",\"target\":[\"https:\/\/trabajoinfinito.com\/publicar-empleo\/\"]}]},{\"@type\":\"BreadcrumbList\",\"@id\":\"https:\/\/trabajoinfinito.com\/publicar-empleo\/#breadcrumb\",\"itemListElement\":[{\"@type\":\"ListItem\",\"position\":1,\"name\":\"Inicio\",\"item\":\"https:\/\/trabajoinfinito.com\/\"},{\"@type\":\"ListItem\",\"position\":2,\"name\":\"Publicar Empleo\"}]},{\"@type\":\"WebSite\",\"@id\":\"http:\/\/trabajoinfinito.com\/#website\",\"url\":\"http:\/\/trabajoinfinito.com\/\",\"name\":\"Trabajo Infinito\",\"description\":\"\",\"publisher\":{\"@id\":\"http:\/\/trabajoinfinito.com\/#organization\"},\"potentialAction\":[{\"@type\":\"SearchAction\",\"target\":{\"@type\":\"EntryPoint\",\"urlTemplate\":\"http:\/\/trabajoinfinito.com\/?s={search_term_string}\"},\"query-input\":\"required name=search_term_string\"}],\"inLanguage\":\"es-AR\"},{\"@type\":\"Organization\",\"@id\":\"http:\/\/trabajoinfinito.com\/#organization\",\"name\":\"Trabajo Infinito\",\"url\":\"http:\/\/trabajoinfinito.com\/\",\"logo\":{\"@type\":\"ImageObject\",\"inLanguage\":\"es-AR\",\"@id\":\"http:\/\/trabajoinfinito.com\/#\/schema\/logo\/image\/\",\"url\":\"https:\/\/trabajoinfinito.com\/wp-content\/uploads\/2023\/04\/Logo-3D-para-fondo-claro-e1681124952287.png\",\"contentUrl\":\"https:\/\/trabajoinfinito.com\/wp-content\/uploads\/2023\/04\/Logo-3D-para-fondo-claro-e1681124952287.png\",\"width\":1559,\"height\":846,\"caption\":\"Trabajo Infinito\"},\"image\":{\"@id\":\"http:\/\/trabajoinfinito.com\/#\/schema\/logo\/image\/\"}}]}<\/script>\n<!-- \/ Yoast SEO plugin. -->","yoast_head_json":{"title":"Publicar Empleo - Trabajo Infinito","description":"Publicar empleo - Trabajo Infinito - Busc\u00e1 trabajo en esta bolsa de empleo digital y encontr\u00e1 las mejores oportunidades en tu \u00e1rea!","robots":{"index":"index","follow":"follow","max-snippet":"max-snippet:-1","max-image-preview":"max-image-preview:large","max-video-preview":"max-video-preview:-1"},"canonical":"https:\/\/trabajoinfinito.com\/es\/publicar-empleo\/","og_locale":"es_ES","og_type":"article","og_title":"Publicar Empleo - Trabajo Infinito","og_description":"Publicar empleo - Trabajo Infinito - Busc\u00e1 trabajo en esta bolsa de empleo digital y encontr\u00e1 las mejores oportunidades en tu \u00e1rea!","og_url":"https:\/\/trabajoinfinito.com\/es\/publicar-empleo\/","og_site_name":"Trabajo Infinito","article_modified_time":"2023-05-13T13:54:23+00:00","twitter_card":"summary_large_image","twitter_misc":{"Tiempo de lectura":"1 minuto"},"schema":{"@context":"https:\/\/schema.org","@graph":[{"@type":"WebPage","@id":"https:\/\/trabajoinfinito.com\/publicar-empleo\/","url":"https:\/\/trabajoinfinito.com\/publicar-empleo\/","name":"Publicar Empleo - Trabajo Infinito","isPartOf":{"@id":"http:\/\/trabajoinfinito.com\/#website"},"datePublished":"2020-05-07T10:43:50+00:00","dateModified":"2023-05-13T13:54:23+00:00","description":"Publicar empleo - Trabajo Infinito - Busc\u00e1 trabajo en esta bolsa de empleo digital y encontr\u00e1 las mejores oportunidades en tu \u00e1rea!","breadcrumb":{"@id":"https:\/\/trabajoinfinito.com\/publicar-empleo\/#breadcrumb"},"inLanguage":"es-AR","potentialAction":[{"@type":"ReadAction","target":["https:\/\/trabajoinfinito.com\/publicar-empleo\/"]}]},{"@type":"BreadcrumbList","@id":"https:\/\/trabajoinfinito.com\/publicar-empleo\/#breadcrumb","itemListElement":[{"@type":"ListItem","position":1,"name":"Inicio","item":"https:\/\/trabajoinfinito.com\/"},{"@type":"ListItem","position":2,"name":"Publicar Empleo"}]},{"@type":"WebSite","@id":"http:\/\/trabajoinfinito.com\/#website","url":"http:\/\/trabajoinfinito.com\/","name":"Trabajo Infinito","description":"","publisher":{"@id":"http:\/\/trabajoinfinito.com\/#organization"},"potentialAction":[{"@type":"SearchAction","target":{"@type":"EntryPoint","urlTemplate":"http:\/\/trabajoinfinito.com\/?s={search_term_string}"},"query-input":"required name=search_term_string"}],"inLanguage":"es-AR"},{"@type":"Organization","@id":"http:\/\/trabajoinfinito.com\/#organization","name":"Trabajo Infinito","url":"http:\/\/trabajoinfinito.com\/","logo":{"@type":"ImageObject","inLanguage":"es-AR","@id":"http:\/\/trabajoinfinito.com\/#\/schema\/logo\/image\/","url":"https:\/\/trabajoinfinito.com\/wp-content\/uploads\/2023\/04\/Logo-3D-para-fondo-claro-e1681124952287.png","contentUrl":"https:\/\/trabajoinfinito.com\/wp-content\/uploads\/2023\/04\/Logo-3D-para-fondo-claro-e1681124952287.png","width":1559,"height":846,"caption":"Trabajo Infinito"},"image":{"@id":"http:\/\/trabajoinfinito.com\/#\/schema\/logo\/image\/"}}]}},"_links":{"self":[{"href":"https:\/\/trabajoinfinito.com\/es\/wp-json\/wp\/v2\/pages\/94","targetHints":{"allow":["GET"]}}],"collection":[{"href":"https:\/\/trabajoinfinito.com\/es\/wp-json\/wp\/v2\/pages"}],"about":[{"href":"https:\/\/trabajoinfinito.com\/es\/wp-json\/wp\/v2\/types\/page"}],"author":[{"embeddable":true,"href":"https:\/\/trabajoinfinito.com\/es\/wp-json\/wp\/v2\/users\/3"}],"replies":[{"embeddable":true,"href":"https:\/\/trabajoinfinito.com\/es\/wp-json\/wp\/v2\/comments?post=94"}],"version-history":[{"count":0,"href":"https:\/\/trabajoinfinito.com\/es\/wp-json\/wp\/v2\/pages\/94\/revisions"}],"wp:attachment":[{"href":"https:\/\/trabajoinfinito.com\/es\/wp-json\/wp\/v2\/media?parent=94"}],"curies":[{"name":"wp","href":"https:\/\/api.w.org\/{rel}","templated":true}]}}