{"id":9354,"date":"2025-08-17T21:06:38","date_gmt":"2025-08-17T21:06:38","guid":{"rendered":"https:\/\/trabajoinfinito.com\/?post_type=product&#038;p=9354"},"modified":"2025-11-10T19:37:12","modified_gmt":"2025-11-10T19:37:12","slug":"plan-1-year","status":"publish","type":"product","link":"https:\/\/trabajoinfinito.com\/es\/product\/plan-1-year\/","title":{"rendered":"Plan 1 A\u00f1o"},"content":{"rendered":"<ul>\n<li>Nombre de la empresa<\/li>\n<li>Logo de la empresa<\/li>\n<li>Publicaci\u00f3n de hasta 10 im\u00e1genes (se pueden cambiar todos los meses)<\/li>\n<li>Publicaci\u00f3n de 1 video de 3 minutos (se puede cambiar todos los meses)<\/li>\n<li>Historia del emprendimiento<\/li>\n<li>Sus valores<\/li>\n<li>Sus objetivos y metas<\/li>\n<li>Certificaciones y premios<\/li>\n<li>Asesoramiento con RRHH<\/li>\n<li>Asesoramiento con especialista en marketing<\/li>\n<li>Protecci\u00f3n de datos SSL, TLS<\/li>\n<li>Carga tu empresa por GPS y se muestra en nuestro mapa argentino<\/li>\n<li>Soporte por chatbot<\/li>\n<li>Entrevista para YouTube<\/li>\n<\/ul>","protected":false},"excerpt":{"rendered":"<p>Nombre de la empresa Logo de la empresa Publicaci\u00f3n de hasta 10 im\u00e1genes (se pueden cambiar todos los meses) Publicaci\u00f3n de 1 video de 3 minutos (se puede cambiar todos los meses) Historia del emprendimiento Sus valores Sus objetivos y metas Certificaciones y premios Asesoramiento con RRHH Asesoramiento con especialista en marketing Protecci\u00f3n de datos [&hellip;]<\/p>","protected":false},"featured_media":6444,"comment_status":"open","ping_status":"closed","template":"","meta":[],"product_brand":[],"product_cat":[720],"product_tag":[],"class_list":{"0":"post-9354","1":"product","2":"type-product","3":"status-publish","4":"has-post-thumbnail","6":"product_cat-vende-tu-historia","8":"first","9":"instock","10":"sale","11":"downloadable","12":"virtual","13":"purchasable","14":"product-type-simple"},"yoast_head":"<!-- This site is optimized with the Yoast SEO plugin v23.3 - https:\/\/yoast.com\/wordpress\/plugins\/seo\/ -->\n<title>Plan 1 A\u00f1o - Trabajo Infinito<\/title>\n<meta name=\"robots\" content=\"index, follow, max-snippet:-1, max-image-preview:large, max-video-preview:-1\" \/>\n<link rel=\"canonical\" href=\"https:\/\/trabajoinfinito.com\/es\/product\/plan-1-year\/\" \/>\n<meta property=\"og:locale\" content=\"es_ES\" \/>\n<meta property=\"og:type\" content=\"article\" \/>\n<meta property=\"og:title\" content=\"Plan 1 A\u00f1o - Trabajo Infinito\" \/>\n<meta property=\"og:description\" content=\"Nombre de la empresa Logo de la empresa Publicaci\u00f3n de hasta 10 im\u00e1genes (se pueden cambiar todos los meses) Publicaci\u00f3n de 1 video de 3 minutos (se puede cambiar todos los meses) Historia del emprendimiento Sus valores Sus objetivos y metas Certificaciones y premios Asesoramiento con RRHH Asesoramiento con especialista en marketing Protecci\u00f3n de datos [&hellip;]\" \/>\n<meta property=\"og:url\" content=\"https:\/\/trabajoinfinito.com\/es\/product\/plan-1-year\/\" \/>\n<meta property=\"og:site_name\" content=\"Trabajo Infinito\" \/>\n<meta property=\"article:modified_time\" content=\"2025-11-10T19:37:12+00:00\" \/>\n<meta property=\"og:image\" content=\"http:\/\/trabajoinfinito.com\/wp-content\/uploads\/2023\/04\/cropped-Recurso-11Isotipo.png\" \/>\n\t<meta property=\"og:image:width\" content=\"512\" \/>\n\t<meta property=\"og:image:height\" content=\"512\" \/>\n\t<meta property=\"og:image:type\" content=\"image\/png\" \/>\n<meta name=\"twitter:card\" content=\"summary_large_image\" \/>\n<meta name=\"twitter:label1\" content=\"Tiempo de lectura\" \/>\n\t<meta name=\"twitter:data1\" content=\"1 minuto\" \/>\n<script type=\"application\/ld+json\" class=\"yoast-schema-graph\">{\"@context\":\"https:\/\/schema.org\",\"@graph\":[{\"@type\":\"WebPage\",\"@id\":\"https:\/\/trabajoinfinito.com\/product\/plan-1-year\/\",\"url\":\"https:\/\/trabajoinfinito.com\/product\/plan-1-year\/\",\"name\":\"Plan 1 A\u00f1o - Trabajo Infinito\",\"isPartOf\":{\"@id\":\"http:\/\/trabajoinfinito.com\/#website\"},\"primaryImageOfPage\":{\"@id\":\"https:\/\/trabajoinfinito.com\/product\/plan-1-year\/#primaryimage\"},\"image\":{\"@id\":\"https:\/\/trabajoinfinito.com\/product\/plan-1-year\/#primaryimage\"},\"thumbnailUrl\":\"https:\/\/trabajoinfinito.com\/wp-content\/uploads\/2023\/04\/cropped-Recurso-11Isotipo.png\",\"datePublished\":\"2025-08-17T21:06:38+00:00\",\"dateModified\":\"2025-11-10T19:37:12+00:00\",\"breadcrumb\":{\"@id\":\"https:\/\/trabajoinfinito.com\/product\/plan-1-year\/#breadcrumb\"},\"inLanguage\":\"es-AR\",\"potentialAction\":[{\"@type\":\"ReadAction\",\"target\":[\"https:\/\/trabajoinfinito.com\/product\/plan-1-year\/\"]}]},{\"@type\":\"ImageObject\",\"inLanguage\":\"es-AR\",\"@id\":\"https:\/\/trabajoinfinito.com\/product\/plan-1-year\/#primaryimage\",\"url\":\"https:\/\/trabajoinfinito.com\/wp-content\/uploads\/2023\/04\/cropped-Recurso-11Isotipo.png\",\"contentUrl\":\"https:\/\/trabajoinfinito.com\/wp-content\/uploads\/2023\/04\/cropped-Recurso-11Isotipo.png\",\"width\":512,\"height\":512},{\"@type\":\"BreadcrumbList\",\"@id\":\"https:\/\/trabajoinfinito.com\/product\/plan-1-year\/#breadcrumb\",\"itemListElement\":[{\"@type\":\"ListItem\",\"position\":1,\"name\":\"Inicio\",\"item\":\"https:\/\/trabajoinfinito.com\/\"},{\"@type\":\"ListItem\",\"position\":2,\"name\":\"Productos\",\"item\":\"https:\/\/trabajoinfinito.com\/shop\/\"},{\"@type\":\"ListItem\",\"position\":3,\"name\":\"Plan 1 A\u00f1o\"}]},{\"@type\":\"WebSite\",\"@id\":\"http:\/\/trabajoinfinito.com\/#website\",\"url\":\"http:\/\/trabajoinfinito.com\/\",\"name\":\"Trabajo Infinito\",\"description\":\"\",\"publisher\":{\"@id\":\"http:\/\/trabajoinfinito.com\/#organization\"},\"potentialAction\":[{\"@type\":\"SearchAction\",\"target\":{\"@type\":\"EntryPoint\",\"urlTemplate\":\"http:\/\/trabajoinfinito.com\/?s={search_term_string}\"},\"query-input\":\"required name=search_term_string\"}],\"inLanguage\":\"es-AR\"},{\"@type\":\"Organization\",\"@id\":\"http:\/\/trabajoinfinito.com\/#organization\",\"name\":\"Trabajo Infinito\",\"url\":\"http:\/\/trabajoinfinito.com\/\",\"logo\":{\"@type\":\"ImageObject\",\"inLanguage\":\"es-AR\",\"@id\":\"http:\/\/trabajoinfinito.com\/#\/schema\/logo\/image\/\",\"url\":\"https:\/\/trabajoinfinito.com\/wp-content\/uploads\/2023\/04\/Logo-3D-para-fondo-claro-e1681124952287.png\",\"contentUrl\":\"https:\/\/trabajoinfinito.com\/wp-content\/uploads\/2023\/04\/Logo-3D-para-fondo-claro-e1681124952287.png\",\"width\":1559,\"height\":846,\"caption\":\"Trabajo Infinito\"},\"image\":{\"@id\":\"http:\/\/trabajoinfinito.com\/#\/schema\/logo\/image\/\"}}]}<\/script>\n<!-- \/ Yoast SEO plugin. -->","yoast_head_json":{"title":"Plan 1 A\u00f1o - Trabajo Infinito","robots":{"index":"index","follow":"follow","max-snippet":"max-snippet:-1","max-image-preview":"max-image-preview:large","max-video-preview":"max-video-preview:-1"},"canonical":"https:\/\/trabajoinfinito.com\/es\/product\/plan-1-year\/","og_locale":"es_ES","og_type":"article","og_title":"Plan 1 A\u00f1o - Trabajo Infinito","og_description":"Nombre de la empresa Logo de la empresa Publicaci\u00f3n de hasta 10 im\u00e1genes (se pueden cambiar todos los meses) Publicaci\u00f3n de 1 video de 3 minutos (se puede cambiar todos los meses) Historia del emprendimiento Sus valores Sus objetivos y metas Certificaciones y premios Asesoramiento con RRHH Asesoramiento con especialista en marketing Protecci\u00f3n de datos [&hellip;]","og_url":"https:\/\/trabajoinfinito.com\/es\/product\/plan-1-year\/","og_site_name":"Trabajo Infinito","article_modified_time":"2025-11-10T19:37:12+00:00","og_image":[{"width":512,"height":512,"url":"http:\/\/trabajoinfinito.com\/wp-content\/uploads\/2023\/04\/cropped-Recurso-11Isotipo.png","type":"image\/png"}],"twitter_card":"summary_large_image","twitter_misc":{"Tiempo de lectura":"1 minuto"},"schema":{"@context":"https:\/\/schema.org","@graph":[{"@type":"WebPage","@id":"https:\/\/trabajoinfinito.com\/product\/plan-1-year\/","url":"https:\/\/trabajoinfinito.com\/product\/plan-1-year\/","name":"Plan 1 A\u00f1o - Trabajo Infinito","isPartOf":{"@id":"http:\/\/trabajoinfinito.com\/#website"},"primaryImageOfPage":{"@id":"https:\/\/trabajoinfinito.com\/product\/plan-1-year\/#primaryimage"},"image":{"@id":"https:\/\/trabajoinfinito.com\/product\/plan-1-year\/#primaryimage"},"thumbnailUrl":"https:\/\/trabajoinfinito.com\/wp-content\/uploads\/2023\/04\/cropped-Recurso-11Isotipo.png","datePublished":"2025-08-17T21:06:38+00:00","dateModified":"2025-11-10T19:37:12+00:00","breadcrumb":{"@id":"https:\/\/trabajoinfinito.com\/product\/plan-1-year\/#breadcrumb"},"inLanguage":"es-AR","potentialAction":[{"@type":"ReadAction","target":["https:\/\/trabajoinfinito.com\/product\/plan-1-year\/"]}]},{"@type":"ImageObject","inLanguage":"es-AR","@id":"https:\/\/trabajoinfinito.com\/product\/plan-1-year\/#primaryimage","url":"https:\/\/trabajoinfinito.com\/wp-content\/uploads\/2023\/04\/cropped-Recurso-11Isotipo.png","contentUrl":"https:\/\/trabajoinfinito.com\/wp-content\/uploads\/2023\/04\/cropped-Recurso-11Isotipo.png","width":512,"height":512},{"@type":"BreadcrumbList","@id":"https:\/\/trabajoinfinito.com\/product\/plan-1-year\/#breadcrumb","itemListElement":[{"@type":"ListItem","position":1,"name":"Inicio","item":"https:\/\/trabajoinfinito.com\/"},{"@type":"ListItem","position":2,"name":"Productos","item":"https:\/\/trabajoinfinito.com\/shop\/"},{"@type":"ListItem","position":3,"name":"Plan 1 A\u00f1o"}]},{"@type":"WebSite","@id":"http:\/\/trabajoinfinito.com\/#website","url":"http:\/\/trabajoinfinito.com\/","name":"Trabajo Infinito","description":"","publisher":{"@id":"http:\/\/trabajoinfinito.com\/#organization"},"potentialAction":[{"@type":"SearchAction","target":{"@type":"EntryPoint","urlTemplate":"http:\/\/trabajoinfinito.com\/?s={search_term_string}"},"query-input":"required name=search_term_string"}],"inLanguage":"es-AR"},{"@type":"Organization","@id":"http:\/\/trabajoinfinito.com\/#organization","name":"Trabajo Infinito","url":"http:\/\/trabajoinfinito.com\/","logo":{"@type":"ImageObject","inLanguage":"es-AR","@id":"http:\/\/trabajoinfinito.com\/#\/schema\/logo\/image\/","url":"https:\/\/trabajoinfinito.com\/wp-content\/uploads\/2023\/04\/Logo-3D-para-fondo-claro-e1681124952287.png","contentUrl":"https:\/\/trabajoinfinito.com\/wp-content\/uploads\/2023\/04\/Logo-3D-para-fondo-claro-e1681124952287.png","width":1559,"height":846,"caption":"Trabajo Infinito"},"image":{"@id":"http:\/\/trabajoinfinito.com\/#\/schema\/logo\/image\/"}}]}},"_links":{"self":[{"href":"https:\/\/trabajoinfinito.com\/es\/wp-json\/wp\/v2\/product\/9354","targetHints":{"allow":["GET"]}}],"collection":[{"href":"https:\/\/trabajoinfinito.com\/es\/wp-json\/wp\/v2\/product"}],"about":[{"href":"https:\/\/trabajoinfinito.com\/es\/wp-json\/wp\/v2\/types\/product"}],"replies":[{"embeddable":true,"href":"https:\/\/trabajoinfinito.com\/es\/wp-json\/wp\/v2\/comments?post=9354"}],"wp:featuredmedia":[{"embeddable":true,"href":"https:\/\/trabajoinfinito.com\/es\/wp-json\/wp\/v2\/media\/6444"}],"wp:attachment":[{"href":"https:\/\/trabajoinfinito.com\/es\/wp-json\/wp\/v2\/media?parent=9354"}],"wp:term":[{"taxonomy":"product_brand","embeddable":true,"href":"https:\/\/trabajoinfinito.com\/es\/wp-json\/wp\/v2\/product_brand?post=9354"},{"taxonomy":"product_cat","embeddable":true,"href":"https:\/\/trabajoinfinito.com\/es\/wp-json\/wp\/v2\/product_cat?post=9354"},{"taxonomy":"product_tag","embeddable":true,"href":"https:\/\/trabajoinfinito.com\/es\/wp-json\/wp\/v2\/product_tag?post=9354"}],"curies":[{"name":"wp","href":"https:\/\/api.w.org\/{rel}","templated":true}]}}